{"id":13577,"date":"2025-09-30T13:25:53","date_gmt":"2025-09-30T13:25:53","guid":{"rendered":"https:\/\/empowerai.eu\/ia-y-emprendimiento-femenino-en-la-ue\/"},"modified":"2026-01-29T09:20:51","modified_gmt":"2026-01-29T09:20:51","slug":"ia-y-emprendimiento-femenino-en-la-ue","status":"publish","type":"page","link":"https:\/\/empowerai.eu\/es\/ia-y-emprendimiento-femenino-en-la-ue\/","title":{"rendered":"IA y emprendimiento femenino en la UE"},"content":{"rendered":"\t\t<div data-elementor-type=\"wp-page\" data-elementor-id=\"13577\" class=\"elementor elementor-13577 elementor-6965\" data-elementor-post-type=\"page\">\n\t\t\t\t<div class=\"elementor-element elementor-element-535a411 e-flex e-con-boxed e-con e-parent\" data-id=\"535a411\" data-element_type=\"container\">\n\t\t\t\t\t<div class=\"e-con-inner\">\n\t\t<div class=\"elementor-element elementor-element-b2e3767 e-con-full e-flex e-con e-child\" data-id=\"b2e3767\" data-element_type=\"container\">\n\t\t\t\t<div class=\"elementor-element elementor-element-f7c929f elementor-widget elementor-widget-heading\" data-id=\"f7c929f\" data-element_type=\"widget\" data-widget_type=\"heading.default\">\n\t\t\t\t<div class=\"elementor-widget-container\">\n\t\t\t\t\t<h1 class=\"elementor-heading-title elementor-size-default\">IA y Emprendimiento Femenino<\/h1>\t\t\t\t<\/div>\n\t\t\t\t<\/div>\n\t\t\t\t<\/div>\n\t\t<div class=\"elementor-element elementor-element-fc1880c e-con-full e-flex e-con e-child\" data-id=\"fc1880c\" data-element_type=\"container\">\n\t\t\t\t<div class=\"elementor-element elementor-element-0e7bcd5 elementor-widget elementor-widget-image\" data-id=\"0e7bcd5\" data-element_type=\"widget\" data-widget_type=\"image.default\">\n\t\t\t\t<div class=\"elementor-widget-container\">\n\t\t\t\t\t\t\t\t\t\t\t\t\t\t\t<img fetchpriority=\"high\" decoding=\"async\" width=\"640\" height=\"640\" src=\"https:\/\/empowerai.eu\/wp-content\/uploads\/2024\/05\/EmpowerAI_images_02.png\" class=\"attachment-large size-large wp-image-1416\" alt=\"\" srcset=\"https:\/\/empowerai.eu\/wp-content\/uploads\/2024\/05\/EmpowerAI_images_02.png 1000w, https:\/\/empowerai.eu\/wp-content\/uploads\/2024\/05\/EmpowerAI_images_02-300x300.png 300w, https:\/\/empowerai.eu\/wp-content\/uploads\/2024\/05\/EmpowerAI_images_02-150x150.png 150w, https:\/\/empowerai.eu\/wp-content\/uploads\/2024\/05\/EmpowerAI_images_02-768x768.png 768w, https:\/\/empowerai.eu\/wp-content\/uploads\/2024\/05\/EmpowerAI_images_02-700x700.png 700w\" sizes=\"(max-width: 640px) 100vw, 640px\" \/>\t\t\t\t\t\t\t\t\t\t\t\t\t\t\t<\/div>\n\t\t\t\t<\/div>\n\t\t\t\t<\/div>\n\t\t\t\t\t<\/div>\n\t\t\t\t<\/div>\n\t\t<div class=\"elementor-element elementor-element-946445a e-flex e-con-boxed e-con e-parent\" data-id=\"946445a\" data-element_type=\"container\">\n\t\t\t\t\t<div class=\"e-con-inner\">\n\t\t\t\t<div class=\"elementor-element elementor-element-760e482 elementor-widget elementor-widget-heading\" data-id=\"760e482\" data-element_type=\"widget\" data-widget_type=\"heading.default\">\n\t\t\t\t<div class=\"elementor-widget-container\">\n\t\t\t\t\t<h2 class=\"elementor-heading-title elementor-size-default\">\u00a1Descubre buenas pr\u00e1cticas inspiradoras<\/h2>\t\t\t\t<\/div>\n\t\t\t\t<\/div>\n\t\t\t\t<div class=\"elementor-element elementor-element-e7f9d21 elementor-widget elementor-widget-heading\" data-id=\"e7f9d21\" data-element_type=\"widget\" data-widget_type=\"heading.default\">\n\t\t\t\t<div class=\"elementor-widget-container\">\n\t\t\t\t\t<h2 class=\"elementor-heading-title elementor-size-default\">que destacan el emprendimiento femenino y el uso de herramientas basadas en inteligencia artificial!<\/h2>\t\t\t\t<\/div>\n\t\t\t\t<\/div>\n\t\t\t\t<div class=\"elementor-element elementor-element-4ef0d79 elementor-widget elementor-widget-text-editor\" data-id=\"4ef0d79\" data-element_type=\"widget\" data-widget_type=\"text-editor.default\">\n\t\t\t\t<div class=\"elementor-widget-container\">\n\t\t\t\t\t<div class=\"bb-theme-elementor-wrap bb-elementor-custom-size\">\t\t\t\t<p>En esta secci\u00f3n del Compendio EmpowerAI encontrar\u00e1s un informe basado en investigaci\u00f3n documental realizada en Irlanda, Espa\u00f1a, Grecia, Italia y Finlandia, centrada en el emprendimiento femenino y el uso de herramientas de IA.<\/p><p>\u00a0<\/p><p>Este informe no es un estudio cient\u00edfico, sino una visi\u00f3n general de la situaci\u00f3n actual en los pa\u00edses mencionados. Su objetivo es ofrecer informaci\u00f3n \u00fatil sobre c\u00f3mo las mujeres participan en actividades emprendedoras y c\u00f3mo utilizan (o encuentran dificultades para utilizar) las tecnolog\u00edas de IA en contextos empresariales.<\/p><p>\u00a0<\/p><p>Los hallazgos se presentan en un formato conciso y accesible, explorando preguntas clave como:<\/p><p>\u00a0<\/p><ul><li>\u00bfCu\u00e1l es la situaci\u00f3n actual del emprendimiento femenino?<\/li><li>\u00bfEn qu\u00e9 sectores est\u00e1n m\u00e1s activas las mujeres emprendedoras?<\/li><li>\u00bfCu\u00e1l es el perfil t\u00edpico de una mujer emprendedora?<\/li><li>\u00bfQu\u00e9 desaf\u00edos comunes enfrentan las mujeres al iniciar y gestionar un negocio?<\/li><li>\u00bfCu\u00e1les son las principales dificultades que encuentran al utilizar herramientas de IA con fines empresariales?<\/li><li>\u00bfCu\u00e1les son algunas de las mejores pr\u00e1cticas en la aplicaci\u00f3n de herramientas de IA para apoyar a empresas lideradas por mujeres?<\/li><\/ul><p>El objetivo de esta investigaci\u00f3n tambi\u00e9n fue identificar patrones comunes, similitudes y diferencias en las experiencias de las mujeres emprendedoras y en la adopci\u00f3n de la IA en los cinco pa\u00edses analizados.<\/p>\t\t\t\t<\/div>\t\t\t\t<\/div>\n\t\t\t\t<\/div>\n\t\t\t\t<div class=\"elementor-element elementor-element-795fb93 elementor-widget elementor-widget-heading\" data-id=\"795fb93\" data-element_type=\"widget\" data-widget_type=\"heading.default\">\n\t\t\t\t<div class=\"elementor-widget-container\">\n\t\t\t\t\t<h2 class=\"elementor-heading-title elementor-size-default\">\u00a1Lee el informe y adquiere una mejor comprensi\u00f3n sobre el estado del emprendimiento femenino y la adopci\u00f3n de la inteligencia artificial!<\/h2>\t\t\t\t<\/div>\n\t\t\t\t<\/div>\n\t\t\t\t<div class=\"elementor-element elementor-element-cd39a0f elementor-widget elementor-widget-spacer\" data-id=\"cd39a0f\" data-element_type=\"widget\" data-widget_type=\"spacer.default\">\n\t\t\t\t<div class=\"elementor-widget-container\">\n\t\t\t\t\t\t\t<div class=\"elementor-spacer\">\n\t\t\t<div class=\"elementor-spacer-inner\"><\/div>\n\t\t<\/div>\n\t\t\t\t\t\t<\/div>\n\t\t\t\t<\/div>\n\t\t\t\t<div class=\"elementor-element elementor-element-849b28c elementor-align-center elementor-widget elementor-widget-button\" data-id=\"849b28c\" data-element_type=\"widget\" data-widget_type=\"button.default\">\n\t\t\t\t<div class=\"elementor-widget-container\">\n\t\t\t\t\t\t\t\t\t<div class=\"elementor-button-wrapper\">\n\t\t\t\t\t<a class=\"elementor-button elementor-button-link elementor-size-sm\" href=\"https:\/\/empowerai.eu\/wp-content\/uploads\/2026\/01\/EN_DeskResearchReport.pdf\" target=\"_blank\">\n\t\t\t\t\t\t<span class=\"elementor-button-content-wrapper\">\n\t\t\t\t\t\t<span class=\"elementor-button-icon\">\n\t\t\t\t<svg xmlns=\"http:\/\/www.w3.org\/2000\/svg\" xmlns:xlink=\"http:\/\/www.w3.org\/1999\/xlink\" id=\"Layer_1\" x=\"0px\" y=\"0px\" viewBox=\"0 0 1000 1000\" style=\"enable-background:new 0 0 1000 1000;\" xml:space=\"preserve\"><style type=\"text\/css\">\t.st0{fill:url(#SVGID_1_);}\t.st1{fill:url(#SVGID_00000028322280249656867470000012074500111616169396_);}\t.st2{fill:url(#SVGID_00000034781826162341874780000014468994798803087791_);}\t.st3{fill:url(#SVGID_00000127003631342534962480000011133890341268808578_);}\t.st4{fill:url(#SVGID_00000036943573247962157000000011810432953641195175_);}\t.st5{fill:#FFFFFF;}<\/style><g>\t<path class=\"st5\" d=\"M833.3,633.3v283.3c0,46,37.3,83.3,83.3,83.3c46,0,83.3-37.3,83.3-83.3V633.3H833.3z M766.7,566.7h-600  c-18.3,0-33.3-15-33.3-33.3s15-33.3,33.3-33.3h90.7L247,458.7c-3.7-15-17-25.3-32.3-25.3H0v450C0,947.7,52.3,1000,116.7,1000H792  c-16-24-25.3-52.7-25.3-83.3V566.7z M200,866.7h-33.3c-18.3,0-33.3-15-33.3-33.3s15-33.3,33.3-33.3H200c18.3,0,33.3,15,33.3,33.3  S218.3,866.7,200,866.7z M366.7,866.7h-33.3c-18.3,0-33.3-15-33.3-33.3s15-33.3,33.3-33.3h33.3c18.3,0,33.3,15,33.3,33.3  S385,866.7,366.7,866.7z M311.7,442.3L326,500h390.7V33.3c0-18.3-15-33.3-33.3-33.3H150c-18.3,0-33.3,15-33.3,33.3v333.3h98  C260.7,366.7,300.7,397.7,311.7,442.3z M600,383.3H400c-18.3,0-33.3-15-33.3-33.3s15-33.3,33.3-33.3h200c18.3,0,33.3,15,33.3,33.3  S618.3,383.3,600,383.3z M366.7,50H600c18.3,0,33.3,15,33.3,33.3s-15,33.3-33.3,33.3H366.7c-18.3,0-33.3-15-33.3-33.3  S348.3,50,366.7,50z M233.3,50H250c18.3,0,33.3,15,33.3,33.3s-15,33.3-33.3,33.3h-16.7c-18.3,0-33.3-15-33.3-33.3S215,50,233.3,50z   M200,216.7c0-18.3,15-33.3,33.3-33.3H600c18.3,0,33.3,15,33.3,33.3S618.3,250,600,250H233.3C215,250,200,235,200,216.7z\"><\/path><\/g><\/svg>\t\t\t<\/span>\n\t\t\t\t\t\t\t\t\t<span class=\"elementor-button-text\">IA Y EMPRENDIMIENTO FEMENINO<\/span>\n\t\t\t\t\t<\/span>\n\t\t\t\t\t<\/a>\n\t\t\t\t<\/div>\n\t\t\t\t\t\t\t\t<\/div>\n\t\t\t\t<\/div>\n\t\t\t\t<div class=\"elementor-element elementor-element-53dc7d5 elementor-widget elementor-widget-spacer\" data-id=\"53dc7d5\" data-element_type=\"widget\" data-widget_type=\"spacer.default\">\n\t\t\t\t<div class=\"elementor-widget-container\">\n\t\t\t\t\t\t\t<div class=\"elementor-spacer\">\n\t\t\t<div class=\"elementor-spacer-inner\"><\/div>\n\t\t<\/div>\n\t\t\t\t\t\t<\/div>\n\t\t\t\t<\/div>\n\t\t\t\t\t<\/div>\n\t\t\t\t<\/div>\n\t\t\t\t<\/div>\n\t\t","protected":false},"excerpt":{"rendered":"<p>IA y Emprendimiento Femenino \u00a1Descubre buenas pr\u00e1cticas inspiradoras que destacan el emprendimiento femenino y el uso de herramientas basadas en inteligencia artificial! En esta secci\u00f3n&hellip;<\/p>\n","protected":false},"author":2,"featured_media":0,"parent":0,"menu_order":0,"comment_status":"closed","ping_status":"closed","template":"","meta":{"_acf_changed":false,"footnotes":""},"class_list":["post-13577","page","type-page","status-publish","hentry"],"acf":[],"_links":{"self":[{"href":"https:\/\/empowerai.eu\/es\/wp-json\/wp\/v2\/pages\/13577","targetHints":{"allow":["GET"]}}],"collection":[{"href":"https:\/\/empowerai.eu\/es\/wp-json\/wp\/v2\/pages"}],"about":[{"href":"https:\/\/empowerai.eu\/es\/wp-json\/wp\/v2\/types\/page"}],"author":[{"embeddable":true,"href":"https:\/\/empowerai.eu\/es\/wp-json\/wp\/v2\/users\/2"}],"replies":[{"embeddable":true,"href":"https:\/\/empowerai.eu\/es\/wp-json\/wp\/v2\/comments?post=13577"}],"version-history":[{"count":9,"href":"https:\/\/empowerai.eu\/es\/wp-json\/wp\/v2\/pages\/13577\/revisions"}],"predecessor-version":[{"id":16342,"href":"https:\/\/empowerai.eu\/es\/wp-json\/wp\/v2\/pages\/13577\/revisions\/16342"}],"wp:attachment":[{"href":"https:\/\/empowerai.eu\/es\/wp-json\/wp\/v2\/media?parent=13577"}],"curies":[{"name":"wp","href":"https:\/\/api.w.org\/{rel}","templated":true}]}}