{"id":14357,"date":"2025-10-06T11:53:13","date_gmt":"2025-10-06T11:53:13","guid":{"rendered":"https:\/\/empowerai.eu\/empowerai-curso\/"},"modified":"2026-02-13T13:15:20","modified_gmt":"2026-02-13T13:15:20","slug":"empowerai-curso","status":"publish","type":"page","link":"https:\/\/empowerai.eu\/es\/empowerai-curso\/","title":{"rendered":"EmpowerAI Curso"},"content":{"rendered":"\t\t<div data-elementor-type=\"wp-page\" data-elementor-id=\"14357\" class=\"elementor elementor-14357 elementor-8479\" data-elementor-post-type=\"page\">\n\t\t\t\t<div class=\"elementor-element elementor-element-3a5ae52 e-flex e-con-boxed e-con e-parent\" data-id=\"3a5ae52\" data-element_type=\"container\">\n\t\t\t\t\t<div class=\"e-con-inner\">\n\t\t\t\t<div class=\"elementor-element elementor-element-018d004 elementor-widget elementor-widget-image\" data-id=\"018d004\" data-element_type=\"widget\" data-widget_type=\"image.default\">\n\t\t\t\t<div class=\"elementor-widget-container\">\n\t\t\t\t\t\t\t\t\t\t\t\t\t\t\t<img fetchpriority=\"high\" decoding=\"async\" width=\"4000\" height=\"834\" src=\"https:\/\/empowerai.eu\/wp-content\/uploads\/2025\/04\/Cover-Image-1920x400-03.png\" class=\"attachment-full size-full wp-image-7337\" alt=\"\" srcset=\"https:\/\/empowerai.eu\/wp-content\/uploads\/2025\/04\/Cover-Image-1920x400-03.png 4000w, https:\/\/empowerai.eu\/wp-content\/uploads\/2025\/04\/Cover-Image-1920x400-03-300x63.png 300w, https:\/\/empowerai.eu\/wp-content\/uploads\/2025\/04\/Cover-Image-1920x400-03-1024x214.png 1024w, https:\/\/empowerai.eu\/wp-content\/uploads\/2025\/04\/Cover-Image-1920x400-03-768x160.png 768w, https:\/\/empowerai.eu\/wp-content\/uploads\/2025\/04\/Cover-Image-1920x400-03-1536x320.png 1536w, https:\/\/empowerai.eu\/wp-content\/uploads\/2025\/04\/Cover-Image-1920x400-03-2048x427.png 2048w, https:\/\/empowerai.eu\/wp-content\/uploads\/2025\/04\/Cover-Image-1920x400-03-624x130.png 624w\" sizes=\"(max-width: 4000px) 100vw, 4000px\" \/>\t\t\t\t\t\t\t\t\t\t\t\t\t\t\t<\/div>\n\t\t\t\t<\/div>\n\t\t\t\t<div class=\"elementor-element elementor-element-55c1b6b elementor-widget elementor-widget-text-editor\" data-id=\"55c1b6b\" data-element_type=\"widget\" data-widget_type=\"text-editor.default\">\n\t\t\t\t<div class=\"elementor-widget-container\">\n\t\t\t\t\t\t\t\t\t<h1>C\u00f3mo funciona este curso de EmpowerAI<\/h1>\n<p>\u00a1Bienvenido a este m\u00f3dulo flexible y autodid\u00e1ctico sobre Inteligencia Artificial! Aunque te ofrecemos una ruta de aprendizaje sugerida para guiarte, puedes explorar el contenido y las actividades a tu propio ritmo y de la forma que m\u00e1s te convenga.<\/p>\n<p>Para aquellos que deseen obtener un reconocimiento oficial, hay disponible un certificado de finalizaci\u00f3n. Para obtenerlo, complete las actividades de aprendizaje del m\u00f3dulo y apruebe la prueba de evaluaci\u00f3n final. Esta evaluaci\u00f3n abarcar\u00e1 los principales resultados de aprendizaje que obtendr\u00e1, que se ajustan a las importantes \u00e1reas de competencia de DigComp y EntreComp.<\/p>\n<p><strong>Resultados del aprendizaje<\/strong><\/p>\n<ul>\n<li>Comprender los conceptos b\u00e1sicos de la IA e identificar sus posibles aplicaciones en su negocio.<\/li>\n<li>Reconocer las ventajas y oportunidades, as\u00ed como las amenazas, del uso de herramientas de IA en el trabajo.<\/li>\n<li>Identificar los riesgos y las implicaciones \u00e9ticas y legales de las plataformas basadas en IA.<\/li>\n<li>Seleccionar las medidas adecuadas para la seguridad y la protecci\u00f3n de los datos, as\u00ed como para la gesti\u00f3n de la informaci\u00f3n.<\/li>\n<\/ul>\n<p><strong>DigComp<\/strong><\/p>\n<ul>\n<li>Alfabetizaci\u00f3n en informaci\u00f3n y datos<\/li>\n<li>Seguridad<\/li>\n<li>Resoluci\u00f3n de problemas<\/li>\n<\/ul>\n<p><strong>Entrecomp<\/strong><\/p>\n<ul>\n<li>Ideas y oportunidades<\/li>\n<\/ul>\n\t\t\t\t\t\t\t\t<\/div>\n\t\t\t\t<\/div>\n\t\t\t\t<div class=\"elementor-element elementor-element-89aea20 elementor-widget elementor-widget-spacer\" data-id=\"89aea20\" data-element_type=\"widget\" data-widget_type=\"spacer.default\">\n\t\t\t\t<div class=\"elementor-widget-container\">\n\t\t\t\t\t\t\t<div class=\"elementor-spacer\">\n\t\t\t<div class=\"elementor-spacer-inner\"><\/div>\n\t\t<\/div>\n\t\t\t\t\t\t<\/div>\n\t\t\t\t<\/div>\n\t\t\t\t<div class=\"elementor-element elementor-element-95a9148 elementor-hidden-desktop elementor-hidden-laptop elementor-hidden-tablet elementor-hidden-mobile elementor-widget elementor-widget-heading\" data-id=\"95a9148\" data-element_type=\"widget\" data-widget_type=\"heading.default\">\n\t\t\t\t<div class=\"elementor-widget-container\">\n\t\t\t\t\t<h2 class=\"elementor-heading-title elementor-size-default\">\u00a1Nos encantar\u00eda conocer tu opini\u00f3n!<\/h2>\t\t\t\t<\/div>\n\t\t\t\t<\/div>\n\t\t\t\t<div class=\"elementor-element elementor-element-9e3464a elementor-hidden-desktop elementor-hidden-laptop elementor-hidden-tablet elementor-hidden-mobile elementor-widget elementor-widget-text-editor\" data-id=\"9e3464a\" data-element_type=\"widget\" data-widget_type=\"text-editor.default\">\n\t\t\t\t<div class=\"elementor-widget-container\">\n\t\t\t\t\t\t\t\t\t<p><span data-teams=\"true\">\u00bfHas probado el curso e-learning de EmpowerAI? Haz clic abajo y comparte tu opini\u00f3n mediante un breve formulario de evaluaci\u00f3n. Tu opini\u00f3n nos ayuda a mejorar el curso para mujeres emprendedoras y educadoras de FP como t\u00fa.<\/span><\/p>\t\t\t\t\t\t\t\t<\/div>\n\t\t\t\t<\/div>\n\t\t<div class=\"elementor-element elementor-element-632aff4 e-con-full elementor-hidden-desktop elementor-hidden-laptop elementor-hidden-tablet elementor-hidden-mobile e-flex e-con e-child\" data-id=\"632aff4\" data-element_type=\"container\">\n\t\t<div class=\"elementor-element elementor-element-f83a7ee e-con-full e-flex e-con e-child\" data-id=\"f83a7ee\" data-element_type=\"container\">\n\t\t\t\t<div class=\"elementor-element elementor-element-470be4f elementor-widget__width-initial elementor-tablet-align-center elementor-mobile-align-left elementor-widget elementor-widget-button\" data-id=\"470be4f\" data-element_type=\"widget\" data-widget_type=\"button.default\">\n\t\t\t\t<div class=\"elementor-widget-container\">\n\t\t\t\t\t\t\t\t\t<div class=\"elementor-button-wrapper\">\n\t\t\t\t\t<a class=\"elementor-button elementor-button-link elementor-size-md elementor-animation-grow\" href=\"https:\/\/forms.gle\/bEcPhyK65t5ss5V66\" target=\"_blank\" rel=\"noopener\">\n\t\t\t\t\t\t<span class=\"elementor-button-content-wrapper\">\n\t\t\t\t\t\t\t\t\t<span class=\"elementor-button-text\">Formulario de opini\u00f3n<\/span>\n\t\t\t\t\t<\/span>\n\t\t\t\t\t<\/a>\n\t\t\t\t<\/div>\n\t\t\t\t\t\t\t\t<\/div>\n\t\t\t\t<\/div>\n\t\t\t\t<\/div>\n\t\t\t\t<\/div>\n\t\t\t\t<div class=\"elementor-element elementor-element-4b0c4e0 elementor-widget elementor-widget-heading\" data-id=\"4b0c4e0\" data-element_type=\"widget\" data-widget_type=\"heading.default\">\n\t\t\t\t<div class=\"elementor-widget-container\">\n\t\t\t\t\t<h2 class=\"elementor-heading-title elementor-size-default\">Manual de Usuario<\/h2>\t\t\t\t<\/div>\n\t\t\t\t<\/div>\n\t\t\t\t<div class=\"elementor-element elementor-element-4e3debc elementor-widget__width-initial elementor-widget elementor-widget-video\" data-id=\"4e3debc\" data-element_type=\"widget\" data-settings=\"{&quot;youtube_url&quot;:&quot;https:\\\/\\\/youtu.be\\\/luxqhSek4e8&quot;,&quot;video_type&quot;:&quot;youtube&quot;,&quot;controls&quot;:&quot;yes&quot;}\" data-widget_type=\"video.default\">\n\t\t\t\t<div class=\"elementor-widget-container\">\n\t\t\t\t\t\t\t<div class=\"elementor-wrapper elementor-open-inline\">\n\t\t\t<div class=\"elementor-video\"><\/div>\t\t<\/div>\n\t\t\t\t\t\t<\/div>\n\t\t\t\t<\/div>\n\t\t\t\t<div class=\"elementor-element elementor-element-abe18c4 elementor-widget elementor-widget-spacer\" data-id=\"abe18c4\" data-element_type=\"widget\" data-widget_type=\"spacer.default\">\n\t\t\t\t<div class=\"elementor-widget-container\">\n\t\t\t\t\t\t\t<div class=\"elementor-spacer\">\n\t\t\t<div class=\"elementor-spacer-inner\"><\/div>\n\t\t<\/div>\n\t\t\t\t\t\t<\/div>\n\t\t\t\t<\/div>\n\t\t\t\t<div class=\"elementor-element elementor-element-78e7920 elementor-widget elementor-widget-heading\" data-id=\"78e7920\" data-element_type=\"widget\" data-widget_type=\"heading.default\">\n\t\t\t\t<div class=\"elementor-widget-container\">\n\t\t\t\t\t<h2 class=\"elementor-heading-title elementor-size-default\">Material de formaci\u00f3n<\/h2>\t\t\t\t<\/div>\n\t\t\t\t<\/div>\n\t\t\t\t<div class=\"elementor-element elementor-element-ec89d6e elementor-widget elementor-widget-image\" data-id=\"ec89d6e\" data-element_type=\"widget\" data-widget_type=\"image.default\">\n\t\t\t\t<div class=\"elementor-widget-container\">\n\t\t\t\t\t\t\t\t\t\t\t\t\t\t\t\t<a href=\"https:\/\/empowerai.eu\/wp-content\/uploads\/2026\/01\/course_v2.pdf\" target=\"_blank\">\n\t\t\t\t\t\t\t<img decoding=\"async\" width=\"212\" height=\"300\" src=\"https:\/\/empowerai.eu\/wp-content\/uploads\/2026\/01\/course_v2_featured-212x300.jpg\" class=\"attachment-medium size-medium wp-image-16359\" alt=\"\" srcset=\"https:\/\/empowerai.eu\/wp-content\/uploads\/2026\/01\/course_v2_featured-212x300.jpg 212w, https:\/\/empowerai.eu\/wp-content\/uploads\/2026\/01\/course_v2_featured-725x1024.jpg 725w, https:\/\/empowerai.eu\/wp-content\/uploads\/2026\/01\/course_v2_featured-768x1085.jpg 768w, https:\/\/empowerai.eu\/wp-content\/uploads\/2026\/01\/course_v2_featured-1087x1536.jpg 1087w, https:\/\/empowerai.eu\/wp-content\/uploads\/2026\/01\/course_v2_featured-624x882.jpg 624w, https:\/\/empowerai.eu\/wp-content\/uploads\/2026\/01\/course_v2_featured-35x50.jpg 35w, https:\/\/empowerai.eu\/wp-content\/uploads\/2026\/01\/course_v2_featured-71x100.jpg 71w, https:\/\/empowerai.eu\/wp-content\/uploads\/2026\/01\/course_v2_featured.jpg 1241w\" sizes=\"(max-width: 212px) 100vw, 212px\" \/>\t\t\t\t\t\t\t\t<\/a>\n\t\t\t\t\t\t\t\t\t\t\t\t\t\t\t<\/div>\n\t\t\t\t<\/div>\n\t\t\t\t<div class=\"elementor-element elementor-element-0dbba94 elementor-widget elementor-widget-spacer\" data-id=\"0dbba94\" data-element_type=\"widget\" data-widget_type=\"spacer.default\">\n\t\t\t\t<div class=\"elementor-widget-container\">\n\t\t\t\t\t\t\t<div class=\"elementor-spacer\">\n\t\t\t<div class=\"elementor-spacer-inner\"><\/div>\n\t\t<\/div>\n\t\t\t\t\t\t<\/div>\n\t\t\t\t<\/div>\n\t\t\t\t<div class=\"elementor-element elementor-element-a662190 elementor-widget elementor-widget-heading\" data-id=\"a662190\" data-element_type=\"widget\" data-widget_type=\"heading.default\">\n\t\t\t\t<div class=\"elementor-widget-container\">\n\t\t\t\t\t<h2 class=\"elementor-heading-title elementor-size-default\">Cap\u00edtulos<\/h2>\t\t\t\t<\/div>\n\t\t\t\t<\/div>\n\t\t\t\t<div class=\"elementor-element elementor-element-4ca298c elementor-widget__width-initial elementor-widget elementor-widget-ld-courses\" data-id=\"4ca298c\" data-element_type=\"widget\" data-widget_type=\"ld-courses.default\">\n\t\t\t\t<div class=\"elementor-widget-container\">\n\t\t\t\t\t<div id=\"learndash-content\" class=\"learndash-course-list learndash-course-list--elementor learndash-course-list--classic noTitle noSearch noCourseNavigation learndash-course-list--featured noPrice noMeta noExcerpt\">\n\t<form data-current_page_url=\"https:\/\/empowerai.eu\/es\/empowerai-curso\/\" id=\"bb-courses-directory-form\" class=\"bb-elementor-widget bb-courses-directory\" method=\"get\" action=\"\">\n\n\n\t\t\t\t\t<input type=\"hidden\" name=\"current_page\" value=\"1\">\n\t\t\t<div class=\"flex align-items-center bb-courses-header\">\n\t\t\t\t\t\t\t\t<\/div>\n\t\t\n\t\t<div class=\"ld-secondary-header\">\n\t\t\t<div class=\"bb-secondary-list-tabs flex align-items-center\" id=\"subnav\" aria-label=\"Members directory secondary navigation\" role=\"navigation\">\n\n\t\t\t\t<input type=\"hidden\" id=\"course-order\" name=\"order\" value=\"desc\"\/>\n\t\t\t\t<input type=\"hidden\" id=\"post-per-page\" name=\"posts_per_page\" value=\"2\"\/>\n\t\t\t\t<input type=\"hidden\" id=\"current-page\" name=\"current_page\" value=\"1\"\/>\n\n\t\t\t\t<div class=\"sfwd-courses-filters flex push-right\">\n\t\t\t\t\t<div class=\"select-wrap hide\">\n\t\t\t\t\t\t<select id=\"sfwd_prs-order-by\" name=\"orderby\" aria-label=\"Order by\">\n\t\t\t\t\t\t\t<option value='alphabetical'  selected='selected'>Alphabetical<\/option><option value='recent' >Newly Created<\/option>\t\t\t\t\t\t<\/select>\n\t\t\t\t\t<\/div>\n\n\t\t\t\t\t\t\t\t\t\t\t\t<div class=\"select-wrap hide\">\n\t\t\t\t\t\t\t\t\t\t\t\t\t\t\t<\/div>\n\t\t\t\t\t\t\t\n\t\t\t\t\t<div class=\"select-wrap hide\">\n\t\t\t\t\t\t<select id=\"sfwd_instructors-order-by\" name=\"filter-instructors\" aria-label=\"Filter by instructor\">\n\t\t\t\t\t\t\t<option value='all'>All Instructors<\/option><option value='2' >TASOS<\/option><option value='5' >giorgos<\/option>\t\t\t\t\t\t<\/select>\n\t\t\t\t\t<\/div>\n\t\t\t\t<\/div>\n\n\t\t\t\t<div class=\"grid-filters hide\" data-view=\"ld-course\">\n\t\t\t\t\t<a href=\"#\" class=\"layout-view layout-view-course layout-grid-view bp-tooltip active\" data-view=\"grid\" data-bp-tooltip-pos=\"up\" data-bp-tooltip=\"Grid View\" aria-label=\"Grid View\">\n\t\t\t\t\t\t<i class=\"dashicons dashicons-screenoptions\" aria-hidden=\"true\"><\/i>\n\t\t\t\t\t<\/a>\n\n\t\t\t\t\t<a href=\"#\" class=\"layout-view layout-view-course layout-list-view bp-tooltip \" data-view=\"list\" data-bp-tooltip-pos=\"up\" data-bp-tooltip=\"List View\" aria-label=\"List View\">\n\t\t\t\t\t\t<i class=\"dashicons dashicons-menu\" aria-hidden=\"true\"><\/i>\n\t\t\t\t\t<\/a>\n\t\t\t\t<\/div>\n\t\t\t<\/div>\n\t\t<\/div>\n\n\t\t<div class=\"grid-view bb-grid grid-box-\">\n\n\t\t\t<div id=\"course-dir-list\" class=\"course-dir-list bs-dir-list columns-2 course-dir-list--media course-dir-list--status\">\n\t\t\t\t\t\t\t\t\t<ul class=\"bb-card-list bb-course-items list-view bb-list hide \" aria-live=\"assertive\" aria-relevant=\"all\">\n\t\t\t\t\t\t\n<li class=\"bb-course-item-wrap\">\n\n\t<div class=\"bb-cover-list-item \">\n\t\t<div class=\"bb-course-cover\">\n\t\t\t<a title=\"Cap\u00edtulo 1: Listos para Crecer\" href=\"https:\/\/empowerai.eu\/es\/courses\/capitulo-1-listos-para-crecer\/\" class=\"bb-cover-wrap\">\n\t\t\t\t<div class=\"ld-status ld-status-progress ld-primary-background\">Iniciar Cap\u00edtulo<\/div>\n\t\t\t\t<img decoding=\"async\" width=\"300\" height=\"158\" src=\"https:\/\/empowerai.eu\/wp-content\/uploads\/2025\/04\/1200x630-02-300x158.png\" class=\"attachment-medium size-medium wp-post-image\" alt=\"\" srcset=\"https:\/\/empowerai.eu\/wp-content\/uploads\/2025\/04\/1200x630-02-300x158.png 300w, https:\/\/empowerai.eu\/wp-content\/uploads\/2025\/04\/1200x630-02-1024x538.png 1024w, https:\/\/empowerai.eu\/wp-content\/uploads\/2025\/04\/1200x630-02-768x403.png 768w, https:\/\/empowerai.eu\/wp-content\/uploads\/2025\/04\/1200x630-02-1536x807.png 1536w, https:\/\/empowerai.eu\/wp-content\/uploads\/2025\/04\/1200x630-02-2048x1076.png 2048w, https:\/\/empowerai.eu\/wp-content\/uploads\/2025\/04\/1200x630-02-624x328.png 624w\" sizes=\"(max-width: 300px) 100vw, 300px\" \/>\t\t\t<\/a>\n\t\t<\/div>\n\n\t\t<div class=\"bb-card-course-details bb-card-course-details--noAccess\">\n\t\t\t<div class=\"course-lesson-count\">3 Unidades<\/div>\t\t\t<h2 class=\"bb-course-title \">\n\t\t\t\t<a title=\"Cap\u00edtulo 1: Listos para Crecer\" href=\"https:\/\/empowerai.eu\/es\/courses\/capitulo-1-listos-para-crecer\/\">Cap\u00edtulo 1: Listos para Crecer<\/a>\n\t\t\t<\/h2>\n\n\t\t\t\n\t\t\t\n\t\t\t<div class=\"bb-course-excerpt\">\n\t\t\t\tVolver al Curso\t\t\t<\/div>\n\n\t\t\t\t\t<\/div>\n\t<\/div>\n<\/li>\n\n<li class=\"bb-course-item-wrap\">\n\n\t<div class=\"bb-cover-list-item \">\n\t\t<div class=\"bb-course-cover\">\n\t\t\t<a title=\"Cap\u00edtulo 2: Soy un modelo de IA\" href=\"https:\/\/empowerai.eu\/es\/courses\/capitulo-2-soy-un-modelo-de-ia\/\" class=\"bb-cover-wrap\">\n\t\t\t\t<div class=\"ld-status ld-status-progress ld-primary-background\">Iniciar Cap\u00edtulo<\/div>\n\t\t\t\t<img decoding=\"async\" width=\"300\" height=\"158\" src=\"https:\/\/empowerai.eu\/wp-content\/uploads\/2025\/04\/1200x630-02-300x158.png\" class=\"attachment-medium size-medium wp-post-image\" alt=\"\" srcset=\"https:\/\/empowerai.eu\/wp-content\/uploads\/2025\/04\/1200x630-02-300x158.png 300w, https:\/\/empowerai.eu\/wp-content\/uploads\/2025\/04\/1200x630-02-1024x538.png 1024w, https:\/\/empowerai.eu\/wp-content\/uploads\/2025\/04\/1200x630-02-768x403.png 768w, https:\/\/empowerai.eu\/wp-content\/uploads\/2025\/04\/1200x630-02-1536x807.png 1536w, https:\/\/empowerai.eu\/wp-content\/uploads\/2025\/04\/1200x630-02-2048x1076.png 2048w, https:\/\/empowerai.eu\/wp-content\/uploads\/2025\/04\/1200x630-02-624x328.png 624w\" sizes=\"(max-width: 300px) 100vw, 300px\" \/>\t\t\t<\/a>\n\t\t<\/div>\n\n\t\t<div class=\"bb-card-course-details bb-card-course-details--noAccess\">\n\t\t\t<div class=\"course-lesson-count\">2 Unidades<\/div>\t\t\t<h2 class=\"bb-course-title \">\n\t\t\t\t<a title=\"Cap\u00edtulo 2: Soy un modelo de IA\" href=\"https:\/\/empowerai.eu\/es\/courses\/capitulo-2-soy-un-modelo-de-ia\/\">Cap\u00edtulo 2: Soy un modelo de IA<\/a>\n\t\t\t<\/h2>\n\n\t\t\t\n\t\t\t\n\t\t\t<div class=\"bb-course-excerpt\">\n\t\t\t\tVolver al Curso\t\t\t<\/div>\n\n\t\t\t\t\t<\/div>\n\t<\/div>\n<\/li>\n\t\t\t\t\t<\/ul>\n\n\t\t\t\t\t<ul class=\"bb-card-list bb-course-items grid-view bb-grid  \" aria-live=\"assertive\" aria-relevant=\"all\">\n\t\t\t\t\t\t\n<li class=\"bb-course-item-wrap\">\n\n\t<div class=\"bb-cover-list-item \">\n\t\t<div class=\"bb-course-cover\">\n\t\t\t<a title=\"Cap\u00edtulo 1: Listos para Crecer\" href=\"https:\/\/empowerai.eu\/es\/courses\/capitulo-1-listos-para-crecer\/\" class=\"bb-cover-wrap\">\n\t\t\t\t<div class=\"ld-status ld-status-progress ld-primary-background\">Iniciar Cap\u00edtulo<\/div>\n\t\t\t\t<img decoding=\"async\" width=\"300\" height=\"158\" src=\"https:\/\/empowerai.eu\/wp-content\/uploads\/2025\/04\/1200x630-02-300x158.png\" class=\"attachment-medium size-medium wp-post-image\" alt=\"\" srcset=\"https:\/\/empowerai.eu\/wp-content\/uploads\/2025\/04\/1200x630-02-300x158.png 300w, https:\/\/empowerai.eu\/wp-content\/uploads\/2025\/04\/1200x630-02-1024x538.png 1024w, https:\/\/empowerai.eu\/wp-content\/uploads\/2025\/04\/1200x630-02-768x403.png 768w, https:\/\/empowerai.eu\/wp-content\/uploads\/2025\/04\/1200x630-02-1536x807.png 1536w, https:\/\/empowerai.eu\/wp-content\/uploads\/2025\/04\/1200x630-02-2048x1076.png 2048w, https:\/\/empowerai.eu\/wp-content\/uploads\/2025\/04\/1200x630-02-624x328.png 624w\" sizes=\"(max-width: 300px) 100vw, 300px\" \/>\t\t\t<\/a>\n\t\t<\/div>\n\n\t\t<div class=\"bb-card-course-details bb-card-course-details--noAccess\">\n\t\t\t<div class=\"course-lesson-count\">3 Unidades<\/div>\t\t\t<h2 class=\"bb-course-title \">\n\t\t\t\t<a title=\"Cap\u00edtulo 1: Listos para Crecer\" href=\"https:\/\/empowerai.eu\/es\/courses\/capitulo-1-listos-para-crecer\/\">Cap\u00edtulo 1: Listos para Crecer<\/a>\n\t\t\t<\/h2>\n\n\t\t\t\n\t\t\t\n\t\t\t<div class=\"bb-course-excerpt\">\n\t\t\t\tVolver al Curso\t\t\t<\/div>\n\n\t\t\t\t\t<\/div>\n\t<\/div>\n<\/li>\n\n<li class=\"bb-course-item-wrap\">\n\n\t<div class=\"bb-cover-list-item \">\n\t\t<div class=\"bb-course-cover\">\n\t\t\t<a title=\"Cap\u00edtulo 2: Soy un modelo de IA\" href=\"https:\/\/empowerai.eu\/es\/courses\/capitulo-2-soy-un-modelo-de-ia\/\" class=\"bb-cover-wrap\">\n\t\t\t\t<div class=\"ld-status ld-status-progress ld-primary-background\">Iniciar Cap\u00edtulo<\/div>\n\t\t\t\t<img decoding=\"async\" width=\"300\" height=\"158\" src=\"https:\/\/empowerai.eu\/wp-content\/uploads\/2025\/04\/1200x630-02-300x158.png\" class=\"attachment-medium size-medium wp-post-image\" alt=\"\" srcset=\"https:\/\/empowerai.eu\/wp-content\/uploads\/2025\/04\/1200x630-02-300x158.png 300w, https:\/\/empowerai.eu\/wp-content\/uploads\/2025\/04\/1200x630-02-1024x538.png 1024w, https:\/\/empowerai.eu\/wp-content\/uploads\/2025\/04\/1200x630-02-768x403.png 768w, https:\/\/empowerai.eu\/wp-content\/uploads\/2025\/04\/1200x630-02-1536x807.png 1536w, https:\/\/empowerai.eu\/wp-content\/uploads\/2025\/04\/1200x630-02-2048x1076.png 2048w, https:\/\/empowerai.eu\/wp-content\/uploads\/2025\/04\/1200x630-02-624x328.png 624w\" sizes=\"(max-width: 300px) 100vw, 300px\" \/>\t\t\t<\/a>\n\t\t<\/div>\n\n\t\t<div class=\"bb-card-course-details bb-card-course-details--noAccess\">\n\t\t\t<div class=\"course-lesson-count\">2 Unidades<\/div>\t\t\t<h2 class=\"bb-course-title \">\n\t\t\t\t<a title=\"Cap\u00edtulo 2: Soy un modelo de IA\" href=\"https:\/\/empowerai.eu\/es\/courses\/capitulo-2-soy-un-modelo-de-ia\/\">Cap\u00edtulo 2: Soy un modelo de IA<\/a>\n\t\t\t<\/h2>\n\n\t\t\t\n\t\t\t\n\t\t\t<div class=\"bb-course-excerpt\">\n\t\t\t\tVolver al Curso\t\t\t<\/div>\n\n\t\t\t\t\t<\/div>\n\t<\/div>\n<\/li>\n\t\t\t\t\t<\/ul>\n\t\t\t\t\t\t\t\t\t\t\t\t\t<\/div>\n\t\t<\/div>\n\t<\/form>\n<\/div>\n\t\t\t\t<\/div>\n\t\t\t\t<\/div>\n\t\t\t\t\t<\/div>\n\t\t\t\t<\/div>\n\t\t\t\t<\/div>\n\t\t","protected":false},"excerpt":{"rendered":"<p>C\u00f3mo funciona este curso de EmpowerAI \u00a1Bienvenido a este m\u00f3dulo flexible y autodid\u00e1ctico sobre Inteligencia Artificial! Aunque te ofrecemos una ruta de aprendizaje sugerida para&hellip;<\/p>\n","protected":false},"author":5,"featured_media":0,"parent":0,"menu_order":0,"comment_status":"closed","ping_status":"closed","template":"","meta":{"_acf_changed":false,"footnotes":""},"class_list":["post-14357","page","type-page","status-publish","hentry"],"acf":[],"_links":{"self":[{"href":"https:\/\/empowerai.eu\/es\/wp-json\/wp\/v2\/pages\/14357","targetHints":{"allow":["GET"]}}],"collection":[{"href":"https:\/\/empowerai.eu\/es\/wp-json\/wp\/v2\/pages"}],"about":[{"href":"https:\/\/empowerai.eu\/es\/wp-json\/wp\/v2\/types\/page"}],"author":[{"embeddable":true,"href":"https:\/\/empowerai.eu\/es\/wp-json\/wp\/v2\/users\/5"}],"replies":[{"embeddable":true,"href":"https:\/\/empowerai.eu\/es\/wp-json\/wp\/v2\/comments?post=14357"}],"version-history":[{"count":17,"href":"https:\/\/empowerai.eu\/es\/wp-json\/wp\/v2\/pages\/14357\/revisions"}],"predecessor-version":[{"id":16581,"href":"https:\/\/empowerai.eu\/es\/wp-json\/wp\/v2\/pages\/14357\/revisions\/16581"}],"wp:attachment":[{"href":"https:\/\/empowerai.eu\/es\/wp-json\/wp\/v2\/media?parent=14357"}],"curies":[{"name":"wp","href":"https:\/\/api.w.org\/{rel}","templated":true}]}}