{"id":1551,"date":"2024-05-15T06:16:05","date_gmt":"2024-05-15T06:16:05","guid":{"rendered":"https:\/\/empowerai.eu\/tulokset\/"},"modified":"2025-10-08T08:57:02","modified_gmt":"2025-10-08T08:57:02","slug":"tulokset","status":"publish","type":"page","link":"https:\/\/empowerai.eu\/fi\/tulokset\/","title":{"rendered":"tulokset"},"content":{"rendered":"\t\t<div data-elementor-type=\"wp-page\" data-elementor-id=\"1551\" class=\"elementor elementor-1551 elementor-480\" data-elementor-post-type=\"page\">\n\t\t\t\t<div class=\"elementor-element elementor-element-1564009 e-flex e-con-boxed e-con e-parent\" data-id=\"1564009\" data-element_type=\"container\" data-settings=\"{&quot;background_background&quot;:&quot;classic&quot;}\">\n\t\t\t\t\t<div class=\"e-con-inner\">\n\t\t<div class=\"elementor-element elementor-element-1eccc9c e-con-full e-flex e-con e-child\" data-id=\"1eccc9c\" data-element_type=\"container\">\n\t\t\t\t<div class=\"elementor-element elementor-element-734494d elementor-invisible elementor-widget elementor-widget-heading\" data-id=\"734494d\" data-element_type=\"widget\" data-settings=\"{&quot;_animation&quot;:&quot;fadeInDown&quot;,&quot;_animation_tablet&quot;:&quot;none&quot;,&quot;_animation_delay&quot;:200}\" data-widget_type=\"heading.default\">\n\t\t\t\t<div class=\"elementor-widget-container\">\n\t\t\t\t\t<h1 class=\"elementor-heading-title elementor-size-default\">Hankkeen tulokset<\/h1>\t\t\t\t<\/div>\n\t\t\t\t<\/div>\n\t\t\t\t<\/div>\n\t\t<div class=\"elementor-element elementor-element-71381fd e-con-full e-flex e-con e-child\" data-id=\"71381fd\" data-element_type=\"container\">\n\t\t\t\t<div class=\"elementor-element elementor-element-a3eb50a elementor-widget elementor-widget-image\" data-id=\"a3eb50a\" data-element_type=\"widget\" data-widget_type=\"image.default\">\n\t\t\t\t<div class=\"elementor-widget-container\">\n\t\t\t\t\t\t\t\t\t\t\t\t\t\t\t<img fetchpriority=\"high\" decoding=\"async\" width=\"640\" height=\"640\" src=\"https:\/\/empowerai.eu\/wp-content\/uploads\/2025\/05\/project-results-new.png\" class=\"attachment-large size-large wp-image-8870\" alt=\"\" srcset=\"https:\/\/empowerai.eu\/wp-content\/uploads\/2025\/05\/project-results-new.png 1000w, https:\/\/empowerai.eu\/wp-content\/uploads\/2025\/05\/project-results-new-300x300.png 300w, https:\/\/empowerai.eu\/wp-content\/uploads\/2025\/05\/project-results-new-150x150.png 150w, https:\/\/empowerai.eu\/wp-content\/uploads\/2025\/05\/project-results-new-768x768.png 768w, https:\/\/empowerai.eu\/wp-content\/uploads\/2025\/05\/project-results-new-700x700.png 700w, https:\/\/empowerai.eu\/wp-content\/uploads\/2025\/05\/project-results-new-624x624.png 624w\" sizes=\"(max-width: 640px) 100vw, 640px\" \/>\t\t\t\t\t\t\t\t\t\t\t\t\t\t\t<\/div>\n\t\t\t\t<\/div>\n\t\t\t\t<\/div>\n\t\t\t\t\t<\/div>\n\t\t\t\t<\/div>\n\t\t<div class=\"elementor-element elementor-element-236f632 e-flex e-con-boxed e-con e-parent\" data-id=\"236f632\" data-element_type=\"container\">\n\t\t\t\t\t<div class=\"e-con-inner\">\n\t\t<div class=\"elementor-element elementor-element-34be95d e-con-full e-flex e-con e-child\" data-id=\"34be95d\" data-element_type=\"container\">\n\t\t\t\t<div class=\"elementor-element elementor-element-fc1452f elementor-widget elementor-widget-text-editor\" data-id=\"fc1452f\" data-element_type=\"widget\" data-widget_type=\"text-editor.default\">\n\t\t\t\t<div class=\"elementor-widget-container\">\n\t\t\t\t\t<div class=\"bb-theme-elementor-wrap bb-elementor-custom-family\">\t\t\t\t<p>EMPOWERAI tarjoaa ammatillisille kouluttajille ja naisyritt\u00e4jille tarvittavat v\u00e4lineet ja menetelm\u00e4t teko\u00e4lyn tehokkaaseen k\u00e4ytt\u00f6\u00f6n. T\u00e4m\u00e4 johtaa teko\u00e4lyn integroimiseen naisyritt\u00e4jien keskuudessa ja ammatillisessa koulutuksessa, mik\u00e4 lis\u00e4\u00e4 yhteisty\u00f6t\u00e4 ja tiedon jakamista eri koulutusalojen v\u00e4lill\u00e4. Yhteisty\u00f6n tavoitteena on edist\u00e4\u00e4 tiedon jakamista ja tarjota arvokkaita n\u00e4kemyksi\u00e4, jotka ovat v\u00e4ltt\u00e4m\u00e4tt\u00f6mi\u00e4 yrityksen perustamisen ja kasvun kannalta.<\/p>\n<p>T\u00e4rkeimm\u00e4t tuotokset ovat <strong>EMPOWERAI-kompendiumi<\/strong> ja <strong>EMPOWERAI-verkko-oppimiskurssi<\/strong>, joka koostuu kahdesta erillisest\u00e4 osasta: &#8221;Ready Set Grow&#8221; ja &#8221;I am an AI model&#8221;.<\/p>\n\t\t\t\t<\/div>\t\t\t\t<\/div>\n\t\t\t\t<\/div>\n\t\t\t\t<div class=\"elementor-element elementor-element-607a060 elementor-widget elementor-widget-spacer\" data-id=\"607a060\" data-element_type=\"widget\" data-widget_type=\"spacer.default\">\n\t\t\t\t<div class=\"elementor-widget-container\">\n\t\t\t\t\t\t\t<div class=\"elementor-spacer\">\n\t\t\t<div class=\"elementor-spacer-inner\"><\/div>\n\t\t<\/div>\n\t\t\t\t\t\t<\/div>\n\t\t\t\t<\/div>\n\t\t\t\t<\/div>\n\t\t\t\t\t<\/div>\n\t\t\t\t<\/div>\n\t\t<div class=\"elementor-element elementor-element-d14ccd0 e-flex e-con-boxed e-con e-parent\" data-id=\"d14ccd0\" data-element_type=\"container\">\n\t\t\t\t\t<div class=\"e-con-inner\">\n\t\t\t\t<div class=\"elementor-element elementor-element-73b308e elementor-widget elementor-widget-spacer\" data-id=\"73b308e\" data-element_type=\"widget\" data-widget_type=\"spacer.default\">\n\t\t\t\t<div class=\"elementor-widget-container\">\n\t\t\t\t\t\t\t<div class=\"elementor-spacer\">\n\t\t\t<div class=\"elementor-spacer-inner\"><\/div>\n\t\t<\/div>\n\t\t\t\t\t\t<\/div>\n\t\t\t\t<\/div>\n\t\t\t\t\t<\/div>\n\t\t\t\t<\/div>\n\t\t<div class=\"elementor-element elementor-element-b7afb26 e-flex e-con-boxed e-con e-parent\" data-id=\"b7afb26\" data-element_type=\"container\" data-settings=\"{&quot;background_background&quot;:&quot;gradient&quot;}\">\n\t\t\t\t\t<div class=\"e-con-inner\">\n\t\t<div class=\"elementor-element elementor-element-ea96491 e-con-full e-flex e-con e-child\" data-id=\"ea96491\" data-element_type=\"container\">\n\t\t<div class=\"elementor-element elementor-element-c22fa99 e-con-full e-flex e-con e-child\" data-id=\"c22fa99\" data-element_type=\"container\">\n\t\t\t\t<div class=\"elementor-element elementor-element-6c35591 elementor-widget elementor-widget-image\" data-id=\"6c35591\" data-element_type=\"widget\" data-widget_type=\"image.default\">\n\t\t\t\t<div class=\"elementor-widget-container\">\n\t\t\t\t\t\t\t\t\t\t\t\t\t\t\t<img decoding=\"async\" width=\"640\" height=\"640\" src=\"https:\/\/empowerai.eu\/wp-content\/uploads\/2024\/05\/EmpowerAI_images_04.png\" class=\"attachment-large size-large wp-image-1423\" alt=\"\" srcset=\"https:\/\/empowerai.eu\/wp-content\/uploads\/2024\/05\/EmpowerAI_images_04.png 1000w, https:\/\/empowerai.eu\/wp-content\/uploads\/2024\/05\/EmpowerAI_images_04-300x300.png 300w, https:\/\/empowerai.eu\/wp-content\/uploads\/2024\/05\/EmpowerAI_images_04-150x150.png 150w, https:\/\/empowerai.eu\/wp-content\/uploads\/2024\/05\/EmpowerAI_images_04-768x768.png 768w, https:\/\/empowerai.eu\/wp-content\/uploads\/2024\/05\/EmpowerAI_images_04-700x700.png 700w\" sizes=\"(max-width: 640px) 100vw, 640px\" \/>\t\t\t\t\t\t\t\t\t\t\t\t\t\t\t<\/div>\n\t\t\t\t<\/div>\n\t\t\t\t<\/div>\n\t\t<div class=\"elementor-element elementor-element-2900ca1 e-con-full e-flex e-con e-child\" data-id=\"2900ca1\" data-element_type=\"container\">\n\t\t\t\t<div class=\"elementor-element elementor-element-114055c elementor-widget elementor-widget-heading\" data-id=\"114055c\" data-element_type=\"widget\" data-widget_type=\"heading.default\">\n\t\t\t\t<div class=\"elementor-widget-container\">\n\t\t\t\t\t<h2 class=\"elementor-heading-title elementor-size-default\">EMPOWERAI KOMPENDIUMI<\/h2>\t\t\t\t<\/div>\n\t\t\t\t<\/div>\n\t\t\t\t<div class=\"elementor-element elementor-element-1e47564 elementor-widget elementor-widget-text-editor\" data-id=\"1e47564\" data-element_type=\"widget\" data-widget_type=\"text-editor.default\">\n\t\t\t\t<div class=\"elementor-widget-container\">\n\t\t\t\t\t<div class=\"bb-theme-elementor-wrap bb-elementor-custom-family\">\t\t\t\t<p>Tutustu lukuisiin teko\u00e4lyyn perustuviin ty\u00f6kaluihin ja resursseihin, jotka on r\u00e4\u00e4t\u00e4l\u00f6ity naisyritt\u00e4jien ja ammatillisen koulutuksen opettajien tarpeisiin. Kattava digitaalinen tietokantamme tarjoaa helpon p\u00e4\u00e4syn huolellisesti koottuun kokoelmaan teko\u00e4lyratkaisuja, kuten virtuaalisia avustajia, chatbotteja, analytiikkaty\u00f6kaluja ja paljon muuta. Tehosta liiketoimintaasi huippuluokan teko\u00e4lyteknologialla ja virtaviivaista toimintojasi k\u00e4ytt\u00e4j\u00e4yst\u00e4v\u00e4llisill\u00e4, k\u00e4ytt\u00f6valmiilla resursseilla.<\/p>\n\t\t\t\t<\/div>\t\t\t\t<\/div>\n\t\t\t\t<\/div>\n\t\t\t\t<div class=\"elementor-element elementor-element-c75a604 elementor-align-left elementor-widget__width-initial elementor-tablet-align-center elementor-mobile-align-left elementor-widget elementor-widget-button\" data-id=\"c75a604\" data-element_type=\"widget\" data-widget_type=\"button.default\">\n\t\t\t\t<div class=\"elementor-widget-container\">\n\t\t\t\t\t\t\t\t\t<div class=\"elementor-button-wrapper\">\n\t\t\t\t\t<a class=\"elementor-button elementor-button-link elementor-size-md elementor-animation-grow\" href=\"https:\/\/empowerai.eu\/fi\/opas\/\" target=\"_blank\">\n\t\t\t\t\t\t<span class=\"elementor-button-content-wrapper\">\n\t\t\t\t\t\t\t\t\t<span class=\"elementor-button-text\">KOMPENDIUMI<\/span>\n\t\t\t\t\t<\/span>\n\t\t\t\t\t<\/a>\n\t\t\t\t<\/div>\n\t\t\t\t\t\t\t\t<\/div>\n\t\t\t\t<\/div>\n\t\t\t\t<\/div>\n\t\t\t\t<\/div>\n\t\t<div class=\"elementor-element elementor-element-9d75f10 e-con-full e-flex e-con e-child\" data-id=\"9d75f10\" data-element_type=\"container\">\n\t\t<div class=\"elementor-element elementor-element-449837d e-con-full e-flex e-con e-child\" data-id=\"449837d\" data-element_type=\"container\">\n\t\t\t\t<div class=\"elementor-element elementor-element-212324d elementor-widget elementor-widget-heading\" data-id=\"212324d\" data-element_type=\"widget\" data-widget_type=\"heading.default\">\n\t\t\t\t<div class=\"elementor-widget-container\">\n\t\t\t\t\t<h2 class=\"elementor-heading-title elementor-size-default\">EMPOWERAI - verkkokurssi<\/h2>\t\t\t\t<\/div>\n\t\t\t\t<\/div>\n\t\t\t\t<div class=\"elementor-element elementor-element-7336e8e elementor-widget elementor-widget-text-editor\" data-id=\"7336e8e\" data-element_type=\"widget\" data-widget_type=\"text-editor.default\">\n\t\t\t\t<div class=\"elementor-widget-container\">\n\t\t\t\t\t<div class=\"bb-theme-elementor-wrap bb-elementor-custom-family\">\t\t\t\t<p>Hanki olennaiset tiedot ja taidot teko\u00e4lyn hy\u00f6dynt\u00e4misest\u00e4 yritt\u00e4jyydess\u00e4 verkko-oppimisalustamme avulla. K\u00e4yt\u00f6ss\u00e4si on vuorovaikutteisia kursseja, video-opastusta, tietovisoja ja tapaustutkimuksia, joiden tarkoituksena on parantaa digitaalisia valmiuksiasi ja osaamistasi teko\u00e4lyty\u00f6kalujen k\u00e4yt\u00f6ss\u00e4. Olitpa sitten naisyritt\u00e4j\u00e4 tai ammatillinen kouluttaja, verkko-oppimiskurssimme tarjoaa itseohjautuvia oppimiskokemuksia, jotka auttavat sinua valjastamaan teko\u00e4lyn voiman ammatillisiin pyrkimyksiisi.<\/p>\n\t\t\t\t<\/div>\t\t\t\t<\/div>\n\t\t\t\t<\/div>\n\t\t\t\t<div class=\"elementor-element elementor-element-306d370 elementor-align-center elementor-widget__width-initial elementor-tablet-align-center elementor-widget elementor-widget-button\" data-id=\"306d370\" data-element_type=\"widget\" data-widget_type=\"button.default\">\n\t\t\t\t<div class=\"elementor-widget-container\">\n\t\t\t\t\t\t\t\t\t<div class=\"elementor-button-wrapper\">\n\t\t\t\t\t<a class=\"elementor-button elementor-button-link elementor-size-md elementor-animation-grow\" href=\"https:\/\/empowerai.eu\/fi\/empowerai-kurssi\/\" target=\"_blank\">\n\t\t\t\t\t\t<span class=\"elementor-button-content-wrapper\">\n\t\t\t\t\t\t\t\t\t<span class=\"elementor-button-text\">verkkokurssi<\/span>\n\t\t\t\t\t<\/span>\n\t\t\t\t\t<\/a>\n\t\t\t\t<\/div>\n\t\t\t\t\t\t\t\t<\/div>\n\t\t\t\t<\/div>\n\t\t\t\t<\/div>\n\t\t<div class=\"elementor-element elementor-element-cf7f842 e-con-full e-flex e-con e-child\" data-id=\"cf7f842\" data-element_type=\"container\">\n\t\t\t\t<div class=\"elementor-element elementor-element-b94decb elementor-widget elementor-widget-image\" data-id=\"b94decb\" data-element_type=\"widget\" data-widget_type=\"image.default\">\n\t\t\t\t<div class=\"elementor-widget-container\">\n\t\t\t\t\t\t\t\t\t\t\t\t\t\t\t<img decoding=\"async\" width=\"640\" height=\"640\" src=\"https:\/\/empowerai.eu\/wp-content\/uploads\/2025\/05\/project-results-new2.png\" class=\"attachment-large size-large wp-image-8883\" alt=\"\" srcset=\"https:\/\/empowerai.eu\/wp-content\/uploads\/2025\/05\/project-results-new2.png 1000w, https:\/\/empowerai.eu\/wp-content\/uploads\/2025\/05\/project-results-new2-300x300.png 300w, https:\/\/empowerai.eu\/wp-content\/uploads\/2025\/05\/project-results-new2-150x150.png 150w, https:\/\/empowerai.eu\/wp-content\/uploads\/2025\/05\/project-results-new2-768x768.png 768w, https:\/\/empowerai.eu\/wp-content\/uploads\/2025\/05\/project-results-new2-700x700.png 700w, https:\/\/empowerai.eu\/wp-content\/uploads\/2025\/05\/project-results-new2-624x624.png 624w\" sizes=\"(max-width: 640px) 100vw, 640px\" \/>\t\t\t\t\t\t\t\t\t\t\t\t\t\t\t<\/div>\n\t\t\t\t<\/div>\n\t\t\t\t<\/div>\n\t\t\t\t<\/div>\n\t\t\t\t\t<\/div>\n\t\t\t\t<\/div>\n\t\t\t\t<\/div>\n\t\t","protected":false},"excerpt":{"rendered":"<p>Hankkeen tulokset EMPOWERAI tarjoaa ammatillisille kouluttajille ja naisyritt\u00e4jille tarvittavat v\u00e4lineet ja menetelm\u00e4t teko\u00e4lyn tehokkaaseen k\u00e4ytt\u00f6\u00f6n. T\u00e4m\u00e4 johtaa teko\u00e4lyn integroimiseen naisyritt\u00e4jien keskuudessa ja ammatillisessa koulutuksessa, mik\u00e4&hellip;<\/p>\n","protected":false},"author":4,"featured_media":9324,"parent":0,"menu_order":0,"comment_status":"closed","ping_status":"closed","template":"elementor_header_footer","meta":{"_acf_changed":false,"footnotes":""},"class_list":["post-1551","page","type-page","status-publish","has-post-thumbnail","hentry"],"acf":[],"_links":{"self":[{"href":"https:\/\/empowerai.eu\/fi\/wp-json\/wp\/v2\/pages\/1551","targetHints":{"allow":["GET"]}}],"collection":[{"href":"https:\/\/empowerai.eu\/fi\/wp-json\/wp\/v2\/pages"}],"about":[{"href":"https:\/\/empowerai.eu\/fi\/wp-json\/wp\/v2\/types\/page"}],"author":[{"embeddable":true,"href":"https:\/\/empowerai.eu\/fi\/wp-json\/wp\/v2\/users\/4"}],"replies":[{"embeddable":true,"href":"https:\/\/empowerai.eu\/fi\/wp-json\/wp\/v2\/comments?post=1551"}],"version-history":[{"count":22,"href":"https:\/\/empowerai.eu\/fi\/wp-json\/wp\/v2\/pages\/1551\/revisions"}],"predecessor-version":[{"id":14683,"href":"https:\/\/empowerai.eu\/fi\/wp-json\/wp\/v2\/pages\/1551\/revisions\/14683"}],"wp:featuredmedia":[{"embeddable":true,"href":"https:\/\/empowerai.eu\/fi\/wp-json\/wp\/v2\/media\/9324"}],"wp:attachment":[{"href":"https:\/\/empowerai.eu\/fi\/wp-json\/wp\/v2\/media?parent=1551"}],"curies":[{"name":"wp","href":"https:\/\/api.w.org\/{rel}","templated":true}]}}