{"id":12580,"date":"2025-09-15T13:10:11","date_gmt":"2025-09-15T13:10:11","guid":{"rendered":"https:\/\/empowerai.eu\/ai-och-kvinnligt-entreprenorskap-i-eu\/"},"modified":"2026-01-29T09:32:06","modified_gmt":"2026-01-29T09:32:06","slug":"ai-och-kvinnligt-entreprenorskap-i-eu","status":"publish","type":"page","link":"https:\/\/empowerai.eu\/sv\/ai-och-kvinnligt-entreprenorskap-i-eu\/","title":{"rendered":"AI och kvinnligt entrepren\u00f6rskap i EU"},"content":{"rendered":"\t\t<div data-elementor-type=\"wp-page\" data-elementor-id=\"12580\" class=\"elementor elementor-12580 elementor-6965\" data-elementor-post-type=\"page\">\n\t\t\t\t<div class=\"elementor-element elementor-element-535a411 e-flex e-con-boxed e-con e-parent\" data-id=\"535a411\" data-element_type=\"container\">\n\t\t\t\t\t<div class=\"e-con-inner\">\n\t\t<div class=\"elementor-element elementor-element-b2e3767 e-con-full e-flex e-con e-child\" data-id=\"b2e3767\" data-element_type=\"container\">\n\t\t\t\t<div class=\"elementor-element elementor-element-f7c929f elementor-widget elementor-widget-heading\" data-id=\"f7c929f\" data-element_type=\"widget\" data-widget_type=\"heading.default\">\n\t\t\t\t<div class=\"elementor-widget-container\">\n\t\t\t\t\t<h1 class=\"elementor-heading-title elementor-size-default\">AI &amp; kvinnligt entrepren\u00f6rskap<\/h1>\t\t\t\t<\/div>\n\t\t\t\t<\/div>\n\t\t\t\t<\/div>\n\t\t<div class=\"elementor-element elementor-element-fc1880c e-con-full e-flex e-con e-child\" data-id=\"fc1880c\" data-element_type=\"container\">\n\t\t\t\t<div class=\"elementor-element elementor-element-0e7bcd5 elementor-widget elementor-widget-image\" data-id=\"0e7bcd5\" data-element_type=\"widget\" data-widget_type=\"image.default\">\n\t\t\t\t<div class=\"elementor-widget-container\">\n\t\t\t\t\t\t\t\t\t\t\t\t\t\t\t<img fetchpriority=\"high\" decoding=\"async\" width=\"640\" height=\"640\" src=\"https:\/\/empowerai.eu\/wp-content\/uploads\/2024\/05\/EmpowerAI_images_02.png\" class=\"attachment-large size-large wp-image-1417\" alt=\"\" srcset=\"https:\/\/empowerai.eu\/wp-content\/uploads\/2024\/05\/EmpowerAI_images_02.png 1000w, https:\/\/empowerai.eu\/wp-content\/uploads\/2024\/05\/EmpowerAI_images_02-300x300.png 300w, https:\/\/empowerai.eu\/wp-content\/uploads\/2024\/05\/EmpowerAI_images_02-150x150.png 150w, https:\/\/empowerai.eu\/wp-content\/uploads\/2024\/05\/EmpowerAI_images_02-768x768.png 768w, https:\/\/empowerai.eu\/wp-content\/uploads\/2024\/05\/EmpowerAI_images_02-700x700.png 700w\" sizes=\"(max-width: 640px) 100vw, 640px\" \/>\t\t\t\t\t\t\t\t\t\t\t\t\t\t\t<\/div>\n\t\t\t\t<\/div>\n\t\t\t\t<\/div>\n\t\t\t\t\t<\/div>\n\t\t\t\t<\/div>\n\t\t<div class=\"elementor-element elementor-element-946445a e-flex e-con-boxed e-con e-parent\" data-id=\"946445a\" data-element_type=\"container\">\n\t\t\t\t\t<div class=\"e-con-inner\">\n\t\t\t\t<div class=\"elementor-element elementor-element-760e482 elementor-widget elementor-widget-heading\" data-id=\"760e482\" data-element_type=\"widget\" data-widget_type=\"heading.default\">\n\t\t\t\t<div class=\"elementor-widget-container\">\n\t\t\t\t\t<h2 class=\"elementor-heading-title elementor-size-default\">Uppt\u00e4ck intressanta exempel p\u00e5 god praxis<\/h2>\t\t\t\t<\/div>\n\t\t\t\t<\/div>\n\t\t\t\t<div class=\"elementor-element elementor-element-e7f9d21 elementor-widget elementor-widget-heading\" data-id=\"e7f9d21\" data-element_type=\"widget\" data-widget_type=\"heading.default\">\n\t\t\t\t<div class=\"elementor-widget-container\">\n\t\t\t\t\t<h2 class=\"elementor-heading-title elementor-size-default\">som lyfter fram kvinnligt entrepren\u00f6rskap och anv\u00e4ndningen av AI-drivna verktyg!<\/h2>\t\t\t\t<\/div>\n\t\t\t\t<\/div>\n\t\t\t\t<div class=\"elementor-element elementor-element-4ef0d79 elementor-widget elementor-widget-text-editor\" data-id=\"4ef0d79\" data-element_type=\"widget\" data-widget_type=\"text-editor.default\">\n\t\t\t\t<div class=\"elementor-widget-container\">\n\t\t\t\t\t<div class=\"bb-theme-elementor-wrap bb-elementor-custom-size\">\t\t\t\t<p>I detta avsnitt av EmpoweriAI-kompendiet hittar du en rapport baserad p\u00e5 sekund\u00e4rforskning som genomf\u00f6rts i Irland, Spanien, Grekland, Italien och Finland, med fokus p\u00e5 kvinnligt entrepren\u00f6rskap och anv\u00e4ndningen av AI-verktyg.<\/p><p>\u00a0<\/p><p>Rapporten \u00e4r inte en vetenskaplig studie utan snarare en \u00f6versikt \u00f6ver den aktuella situationen i de ovan n\u00e4mnda l\u00e4nderna. Syftet \u00e4r att ge anv\u00e4ndbara insikter om hur kvinnor bedriver entrepren\u00f6rsverksamhet och hur de anv\u00e4nder (eller har sv\u00e5rt att anv\u00e4nda) AI-teknik i aff\u00e4rssammanhang.<\/p><p>\u00a0<\/p><p>Resultaten presenteras i ett koncist och l\u00e4ttillg\u00e4ngligt format och unders\u00f6ker viktiga fr\u00e5gor som:<\/p><p>\u00a0<\/p><ul><li>Hur \u00e4r l\u00e4get f\u00f6r kvinnligt entrepren\u00f6rskap idag?<\/li><li>I vilka sektorer \u00e4r kvinnliga entrepren\u00f6rer mest aktiva?<\/li><li>Vad \u00e4r den typiska profilen f\u00f6r en kvinnlig entrepren\u00f6r?<\/li><li>Vilka gemensamma utmaningar m\u00f6ter kvinnor n\u00e4r de startar och driver ett f\u00f6retag?<\/li><li>Vilka \u00e4r de st\u00f6rsta sv\u00e5righeterna de m\u00f6ter n\u00e4r de anv\u00e4nder AI-verktyg i entrepren\u00f6rsyfte?<\/li><li>Vilka \u00e4r n\u00e5gra av de b\u00e4sta metoderna f\u00f6r att anv\u00e4nda AI-verktyg f\u00f6r att st\u00f6dja kvinnliga f\u00f6retag?<\/li><\/ul><p>M\u00e5let med denna unders\u00f6kning var ocks\u00e5 att identifiera gemensamma m\u00f6nster, likheter och skillnader i kvinnliga entrepren\u00f6rers erfarenheter och deras anv\u00e4ndning av AI i de fem l\u00e4nderna.<\/p>\t\t\t\t<\/div>\t\t\t\t<\/div>\n\t\t\t\t<\/div>\n\t\t\t\t<div class=\"elementor-element elementor-element-795fb93 elementor-widget elementor-widget-heading\" data-id=\"795fb93\" data-element_type=\"widget\" data-widget_type=\"heading.default\">\n\t\t\t\t<div class=\"elementor-widget-container\">\n\t\t\t\t\t<h2 class=\"elementor-heading-title elementor-size-default\">L\u00e4s rapporten och f\u00e5 en b\u00e4ttre f\u00f6rst\u00e5else f\u00f6r l\u00e4get f\u00f6r kvinnligt entrepren\u00f6rskap och anv\u00e4ndningen av AI!<\/h2>\t\t\t\t<\/div>\n\t\t\t\t<\/div>\n\t\t\t\t<div class=\"elementor-element elementor-element-cd39a0f elementor-widget elementor-widget-spacer\" data-id=\"cd39a0f\" data-element_type=\"widget\" data-widget_type=\"spacer.default\">\n\t\t\t\t<div class=\"elementor-widget-container\">\n\t\t\t\t\t\t\t<div class=\"elementor-spacer\">\n\t\t\t<div class=\"elementor-spacer-inner\"><\/div>\n\t\t<\/div>\n\t\t\t\t\t\t<\/div>\n\t\t\t\t<\/div>\n\t\t\t\t<div class=\"elementor-element elementor-element-849b28c elementor-align-center elementor-widget elementor-widget-button\" data-id=\"849b28c\" data-element_type=\"widget\" data-widget_type=\"button.default\">\n\t\t\t\t<div class=\"elementor-widget-container\">\n\t\t\t\t\t\t\t\t\t<div class=\"elementor-button-wrapper\">\n\t\t\t\t\t<a class=\"elementor-button elementor-button-link elementor-size-sm\" href=\"https:\/\/empowerai.eu\/wp-content\/uploads\/2026\/01\/EN_DeskResearchReport.pdf\" target=\"_blank\">\n\t\t\t\t\t\t<span class=\"elementor-button-content-wrapper\">\n\t\t\t\t\t\t<span class=\"elementor-button-icon\">\n\t\t\t\t<svg xmlns=\"http:\/\/www.w3.org\/2000\/svg\" xmlns:xlink=\"http:\/\/www.w3.org\/1999\/xlink\" id=\"Layer_1\" x=\"0px\" y=\"0px\" viewBox=\"0 0 1000 1000\" style=\"enable-background:new 0 0 1000 1000;\" xml:space=\"preserve\"><style type=\"text\/css\">\t.st0{fill:url(#SVGID_1_);}\t.st1{fill:url(#SVGID_00000028322280249656867470000012074500111616169396_);}\t.st2{fill:url(#SVGID_00000034781826162341874780000014468994798803087791_);}\t.st3{fill:url(#SVGID_00000127003631342534962480000011133890341268808578_);}\t.st4{fill:url(#SVGID_00000036943573247962157000000011810432953641195175_);}\t.st5{fill:#FFFFFF;}<\/style><g>\t<path class=\"st5\" d=\"M833.3,633.3v283.3c0,46,37.3,83.3,83.3,83.3c46,0,83.3-37.3,83.3-83.3V633.3H833.3z M766.7,566.7h-600  c-18.3,0-33.3-15-33.3-33.3s15-33.3,33.3-33.3h90.7L247,458.7c-3.7-15-17-25.3-32.3-25.3H0v450C0,947.7,52.3,1000,116.7,1000H792  c-16-24-25.3-52.7-25.3-83.3V566.7z M200,866.7h-33.3c-18.3,0-33.3-15-33.3-33.3s15-33.3,33.3-33.3H200c18.3,0,33.3,15,33.3,33.3  S218.3,866.7,200,866.7z M366.7,866.7h-33.3c-18.3,0-33.3-15-33.3-33.3s15-33.3,33.3-33.3h33.3c18.3,0,33.3,15,33.3,33.3  S385,866.7,366.7,866.7z M311.7,442.3L326,500h390.7V33.3c0-18.3-15-33.3-33.3-33.3H150c-18.3,0-33.3,15-33.3,33.3v333.3h98  C260.7,366.7,300.7,397.7,311.7,442.3z M600,383.3H400c-18.3,0-33.3-15-33.3-33.3s15-33.3,33.3-33.3h200c18.3,0,33.3,15,33.3,33.3  S618.3,383.3,600,383.3z M366.7,50H600c18.3,0,33.3,15,33.3,33.3s-15,33.3-33.3,33.3H366.7c-18.3,0-33.3-15-33.3-33.3  S348.3,50,366.7,50z M233.3,50H250c18.3,0,33.3,15,33.3,33.3s-15,33.3-33.3,33.3h-16.7c-18.3,0-33.3-15-33.3-33.3S215,50,233.3,50z   M200,216.7c0-18.3,15-33.3,33.3-33.3H600c18.3,0,33.3,15,33.3,33.3S618.3,250,600,250H233.3C215,250,200,235,200,216.7z\"><\/path><\/g><\/svg>\t\t\t<\/span>\n\t\t\t\t\t\t\t\t\t<span class=\"elementor-button-text\">AI OCH KVINNLIGT ENTREPREN\u00d6RSKAP<\/span>\n\t\t\t\t\t<\/span>\n\t\t\t\t\t<\/a>\n\t\t\t\t<\/div>\n\t\t\t\t\t\t\t\t<\/div>\n\t\t\t\t<\/div>\n\t\t\t\t<div class=\"elementor-element elementor-element-53dc7d5 elementor-widget elementor-widget-spacer\" data-id=\"53dc7d5\" data-element_type=\"widget\" data-widget_type=\"spacer.default\">\n\t\t\t\t<div class=\"elementor-widget-container\">\n\t\t\t\t\t\t\t<div class=\"elementor-spacer\">\n\t\t\t<div class=\"elementor-spacer-inner\"><\/div>\n\t\t<\/div>\n\t\t\t\t\t\t<\/div>\n\t\t\t\t<\/div>\n\t\t\t\t\t<\/div>\n\t\t\t\t<\/div>\n\t\t\t\t<\/div>\n\t\t","protected":false},"excerpt":{"rendered":"<p>AI &amp; kvinnligt entrepren\u00f6rskap Uppt\u00e4ck intressanta exempel p\u00e5 god praxis som lyfter fram kvinnligt entrepren\u00f6rskap och anv\u00e4ndningen av AI-drivna verktyg! I detta avsnitt av EmpoweriAI-kompendiet&hellip;<\/p>\n","protected":false},"author":2,"featured_media":0,"parent":0,"menu_order":0,"comment_status":"closed","ping_status":"closed","template":"","meta":{"_acf_changed":false,"footnotes":""},"class_list":["post-12580","page","type-page","status-publish","hentry"],"acf":[],"_links":{"self":[{"href":"https:\/\/empowerai.eu\/sv\/wp-json\/wp\/v2\/pages\/12580","targetHints":{"allow":["GET"]}}],"collection":[{"href":"https:\/\/empowerai.eu\/sv\/wp-json\/wp\/v2\/pages"}],"about":[{"href":"https:\/\/empowerai.eu\/sv\/wp-json\/wp\/v2\/types\/page"}],"author":[{"embeddable":true,"href":"https:\/\/empowerai.eu\/sv\/wp-json\/wp\/v2\/users\/2"}],"replies":[{"embeddable":true,"href":"https:\/\/empowerai.eu\/sv\/wp-json\/wp\/v2\/comments?post=12580"}],"version-history":[{"count":7,"href":"https:\/\/empowerai.eu\/sv\/wp-json\/wp\/v2\/pages\/12580\/revisions"}],"predecessor-version":[{"id":16354,"href":"https:\/\/empowerai.eu\/sv\/wp-json\/wp\/v2\/pages\/12580\/revisions\/16354"}],"wp:attachment":[{"href":"https:\/\/empowerai.eu\/sv\/wp-json\/wp\/v2\/media?parent=12580"}],"curies":[{"name":"wp","href":"https:\/\/api.w.org\/{rel}","templated":true}]}}