{"id":13359,"date":"2025-09-18T12:38:40","date_gmt":"2025-09-18T12:38:40","guid":{"rendered":"https:\/\/empowerai.eu\/empowerai-kursen\/"},"modified":"2026-02-13T13:17:01","modified_gmt":"2026-02-13T13:17:01","slug":"empowerai-kursen","status":"publish","type":"page","link":"https:\/\/empowerai.eu\/sv\/empowerai-kursen\/","title":{"rendered":"EmpowerAI Kursen"},"content":{"rendered":"\t\t<div data-elementor-type=\"wp-page\" data-elementor-id=\"13359\" class=\"elementor elementor-13359 elementor-8479\" data-elementor-post-type=\"page\">\n\t\t\t\t<div class=\"elementor-element elementor-element-3a5ae52 e-flex e-con-boxed e-con e-parent\" data-id=\"3a5ae52\" data-element_type=\"container\">\n\t\t\t\t\t<div class=\"e-con-inner\">\n\t\t\t\t<div class=\"elementor-element elementor-element-018d004 elementor-widget elementor-widget-image\" data-id=\"018d004\" data-element_type=\"widget\" data-widget_type=\"image.default\">\n\t\t\t\t<div class=\"elementor-widget-container\">\n\t\t\t\t\t\t\t\t\t\t\t\t\t\t\t<img fetchpriority=\"high\" decoding=\"async\" width=\"4000\" height=\"834\" src=\"https:\/\/empowerai.eu\/wp-content\/uploads\/2025\/04\/Cover-Image-1920x400-03.png\" class=\"attachment-full size-full wp-image-7338\" alt=\"\" srcset=\"https:\/\/empowerai.eu\/wp-content\/uploads\/2025\/04\/Cover-Image-1920x400-03.png 4000w, https:\/\/empowerai.eu\/wp-content\/uploads\/2025\/04\/Cover-Image-1920x400-03-300x63.png 300w, https:\/\/empowerai.eu\/wp-content\/uploads\/2025\/04\/Cover-Image-1920x400-03-1024x214.png 1024w, https:\/\/empowerai.eu\/wp-content\/uploads\/2025\/04\/Cover-Image-1920x400-03-768x160.png 768w, https:\/\/empowerai.eu\/wp-content\/uploads\/2025\/04\/Cover-Image-1920x400-03-1536x320.png 1536w, https:\/\/empowerai.eu\/wp-content\/uploads\/2025\/04\/Cover-Image-1920x400-03-2048x427.png 2048w, https:\/\/empowerai.eu\/wp-content\/uploads\/2025\/04\/Cover-Image-1920x400-03-624x130.png 624w\" sizes=\"(max-width: 4000px) 100vw, 4000px\" \/>\t\t\t\t\t\t\t\t\t\t\t\t\t\t\t<\/div>\n\t\t\t\t<\/div>\n\t\t\t\t<div class=\"elementor-element elementor-element-55c1b6b elementor-widget elementor-widget-text-editor\" data-id=\"55c1b6b\" data-element_type=\"widget\" data-widget_type=\"text-editor.default\">\n\t\t\t\t<div class=\"elementor-widget-container\">\n\t\t\t\t\t\t\t\t\t<h1 style=\"line-height: 114%;\"><span lang=\"SV-FI\">Hur EmpowerAI-kursen fungerar<\/span><\/h1>\n<p>V\u00e4lkommen till denna flexibla modul om artificiell intelligens som du kan genomf\u00f6ra i din egen takt! Vi har tagit fram en rekommenderad studiev\u00e4g f\u00f6r att guida dig, men du kan utforska inneh\u00e5llet och aktiviteterna i din egen takt och p\u00e5 det s\u00e4tt som passar dig b\u00e4st.<\/p>\n<p>F\u00f6r dig som vill ha ett formellt intyg finns ett slutcertifikat att erh\u00e5lla. F\u00f6r att f\u00e5 certifikatet m\u00e5ste du slutf\u00f6ra modulens inl\u00e4rningsaktiviteter och klara den avslutande utv\u00e4rderingen. Utv\u00e4rderingen omfattar de viktigaste l\u00e4randem\u00e5len som du kommer att uppn\u00e5, vilka \u00f6verensst\u00e4mmer med viktiga kompetensomr\u00e5den inom DigComp och EntreComp.<\/p>\n<p><strong>L\u00e4randem\u00e5l<\/strong><\/p>\n<ul>\n<li>F\u00f6rst\u00e5 de grundl\u00e4ggande begreppen inom AI och identifiera dess potentiella till\u00e4mpningar i din verksamhet.<\/li>\n<li>K\u00e4nna till f\u00f6rdelarna och m\u00f6jligheterna, men ocks\u00e5 hoten, med att anv\u00e4nda AI-verktyg i arbetet.<\/li>\n<li>Identifiera risker, etiska och juridiska konsekvenser av AI-drivna plattformar.<\/li>\n<li>V\u00e4lja l\u00e4mpliga \u00e5tg\u00e4rder f\u00f6r datas\u00e4kerhet, dataskydd och informationshantering.<\/li>\n<\/ul>\n<p><strong>DigComp<\/strong><\/p>\n<ul>\n<li>Informations- och datakunskap<\/li>\n<li>S\u00e4kerhet<\/li>\n<li>Probleml\u00f6sning<\/li>\n<\/ul>\n<p><strong>Entrecomp<\/strong><\/p>\n<ul>\n<li>Id\u00e9er och m\u00f6jligheter<\/li>\n<\/ul>\n\t\t\t\t\t\t\t\t<\/div>\n\t\t\t\t<\/div>\n\t\t\t\t<div class=\"elementor-element elementor-element-89aea20 elementor-widget elementor-widget-spacer\" data-id=\"89aea20\" data-element_type=\"widget\" data-widget_type=\"spacer.default\">\n\t\t\t\t<div class=\"elementor-widget-container\">\n\t\t\t\t\t\t\t<div class=\"elementor-spacer\">\n\t\t\t<div class=\"elementor-spacer-inner\"><\/div>\n\t\t<\/div>\n\t\t\t\t\t\t<\/div>\n\t\t\t\t<\/div>\n\t\t\t\t<div class=\"elementor-element elementor-element-95a9148 elementor-hidden-desktop elementor-hidden-laptop elementor-hidden-tablet elementor-hidden-mobile elementor-widget elementor-widget-heading\" data-id=\"95a9148\" data-element_type=\"widget\" data-widget_type=\"heading.default\">\n\t\t\t\t<div class=\"elementor-widget-container\">\n\t\t\t\t\t<h2 class=\"elementor-heading-title elementor-size-default\">Vi skulle uppskatta din feedback!<\/h2>\t\t\t\t<\/div>\n\t\t\t\t<\/div>\n\t\t\t\t<div class=\"elementor-element elementor-element-9e3464a elementor-hidden-desktop elementor-hidden-laptop elementor-hidden-tablet elementor-hidden-mobile elementor-widget elementor-widget-text-editor\" data-id=\"9e3464a\" data-element_type=\"widget\" data-widget_type=\"text-editor.default\">\n\t\t\t\t<div class=\"elementor-widget-container\">\n\t\t\t\t\t\t\t\t\t<p>Har du testat EmpowerAI e-learning-kursen? Klicka nedan och dela dina tankar i ett kort utv\u00e4rderingsformul\u00e4r. Din feedback hj\u00e4lper oss att g\u00f6ra kursen \u00e4nnu b\u00e4ttre f\u00f6r kvinnliga entrepren\u00f6rer och VET-l\u00e4rare som du.<\/p>\n\t\t\t\t\t\t\t\t<\/div>\n\t\t\t\t<\/div>\n\t\t<div class=\"elementor-element elementor-element-632aff4 e-con-full elementor-hidden-desktop elementor-hidden-laptop elementor-hidden-tablet elementor-hidden-mobile e-flex e-con e-child\" data-id=\"632aff4\" data-element_type=\"container\">\n\t\t<div class=\"elementor-element elementor-element-f83a7ee e-con-full e-flex e-con e-child\" data-id=\"f83a7ee\" data-element_type=\"container\">\n\t\t\t\t<div class=\"elementor-element elementor-element-470be4f elementor-widget__width-initial elementor-tablet-align-center elementor-mobile-align-left elementor-widget elementor-widget-button\" data-id=\"470be4f\" data-element_type=\"widget\" data-widget_type=\"button.default\">\n\t\t\t\t<div class=\"elementor-widget-container\">\n\t\t\t\t\t\t\t\t\t<div class=\"elementor-button-wrapper\">\n\t\t\t\t\t<a class=\"elementor-button elementor-button-link elementor-size-md elementor-animation-grow\" href=\"https:\/\/forms.gle\/xJ8e2TWNE77ryoZp8\" target=\"_blank\" rel=\"noopener\">\n\t\t\t\t\t\t<span class=\"elementor-button-content-wrapper\">\n\t\t\t\t\t\t\t\t\t<span class=\"elementor-button-text\">Feedbackformul\u00e4r (Engelska)<\/span>\n\t\t\t\t\t<\/span>\n\t\t\t\t\t<\/a>\n\t\t\t\t<\/div>\n\t\t\t\t\t\t\t\t<\/div>\n\t\t\t\t<\/div>\n\t\t\t\t<\/div>\n\t\t<div class=\"elementor-element elementor-element-155207d e-con-full e-flex e-con e-child\" data-id=\"155207d\" data-element_type=\"container\">\n\t\t\t\t<div class=\"elementor-element elementor-element-65de308 elementor-widget__width-initial elementor-tablet-align-center elementor-mobile-align-left elementor-widget elementor-widget-button\" data-id=\"65de308\" data-element_type=\"widget\" data-widget_type=\"button.default\">\n\t\t\t\t<div class=\"elementor-widget-container\">\n\t\t\t\t\t\t\t\t\t<div class=\"elementor-button-wrapper\">\n\t\t\t\t\t<a class=\"elementor-button elementor-button-link elementor-size-md elementor-animation-grow\" href=\"https:\/\/forms.gle\/cLBdBqc3guT94DHN6\" target=\"_blank\" rel=\"noopener\">\n\t\t\t\t\t\t<span class=\"elementor-button-content-wrapper\">\n\t\t\t\t\t\t\t\t\t<span class=\"elementor-button-text\">Feedbackformul\u00e4r (Svenska)<\/span>\n\t\t\t\t\t<\/span>\n\t\t\t\t\t<\/a>\n\t\t\t\t<\/div>\n\t\t\t\t\t\t\t\t<\/div>\n\t\t\t\t<\/div>\n\t\t\t\t<\/div>\n\t\t\t\t<\/div>\n\t\t\t\t<div class=\"elementor-element elementor-element-4b0c4e0 elementor-widget elementor-widget-heading\" data-id=\"4b0c4e0\" data-element_type=\"widget\" data-widget_type=\"heading.default\">\n\t\t\t\t<div class=\"elementor-widget-container\">\n\t\t\t\t\t<h2 class=\"elementor-heading-title elementor-size-default\">Anv\u00e4ndarmanual<\/h2>\t\t\t\t<\/div>\n\t\t\t\t<\/div>\n\t\t\t\t<div class=\"elementor-element elementor-element-4e3debc elementor-widget__width-initial elementor-widget elementor-widget-video\" data-id=\"4e3debc\" data-element_type=\"widget\" data-settings=\"{&quot;youtube_url&quot;:&quot;https:\\\/\\\/youtu.be\\\/luxqhSek4e8&quot;,&quot;video_type&quot;:&quot;youtube&quot;,&quot;controls&quot;:&quot;yes&quot;}\" data-widget_type=\"video.default\">\n\t\t\t\t<div class=\"elementor-widget-container\">\n\t\t\t\t\t\t\t<div class=\"elementor-wrapper elementor-open-inline\">\n\t\t\t<div class=\"elementor-video\"><\/div>\t\t<\/div>\n\t\t\t\t\t\t<\/div>\n\t\t\t\t<\/div>\n\t\t\t\t<div class=\"elementor-element elementor-element-abe18c4 elementor-widget elementor-widget-spacer\" data-id=\"abe18c4\" data-element_type=\"widget\" data-widget_type=\"spacer.default\">\n\t\t\t\t<div class=\"elementor-widget-container\">\n\t\t\t\t\t\t\t<div class=\"elementor-spacer\">\n\t\t\t<div class=\"elementor-spacer-inner\"><\/div>\n\t\t<\/div>\n\t\t\t\t\t\t<\/div>\n\t\t\t\t<\/div>\n\t\t\t\t<div class=\"elementor-element elementor-element-f4a0f1c elementor-widget elementor-widget-heading\" data-id=\"f4a0f1c\" data-element_type=\"widget\" data-widget_type=\"heading.default\">\n\t\t\t\t<div class=\"elementor-widget-container\">\n\t\t\t\t\t<h2 class=\"elementor-heading-title elementor-size-default\">Utbildningsmaterial<\/h2>\t\t\t\t<\/div>\n\t\t\t\t<\/div>\n\t\t\t\t<div class=\"elementor-element elementor-element-c43e57e elementor-widget elementor-widget-image\" data-id=\"c43e57e\" data-element_type=\"widget\" data-widget_type=\"image.default\">\n\t\t\t\t<div class=\"elementor-widget-container\">\n\t\t\t\t\t\t\t\t\t\t\t\t\t\t\t\t<a href=\"https:\/\/empowerai.eu\/wp-content\/uploads\/2026\/01\/course_v2.pdf\" target=\"_blank\">\n\t\t\t\t\t\t\t<img decoding=\"async\" width=\"212\" height=\"300\" src=\"https:\/\/empowerai.eu\/wp-content\/uploads\/2026\/01\/course_v2_featured-212x300.jpg\" class=\"attachment-medium size-medium wp-image-16360\" alt=\"\" srcset=\"https:\/\/empowerai.eu\/wp-content\/uploads\/2026\/01\/course_v2_featured-212x300.jpg 212w, https:\/\/empowerai.eu\/wp-content\/uploads\/2026\/01\/course_v2_featured-725x1024.jpg 725w, https:\/\/empowerai.eu\/wp-content\/uploads\/2026\/01\/course_v2_featured-768x1085.jpg 768w, https:\/\/empowerai.eu\/wp-content\/uploads\/2026\/01\/course_v2_featured-1087x1536.jpg 1087w, https:\/\/empowerai.eu\/wp-content\/uploads\/2026\/01\/course_v2_featured-624x882.jpg 624w, https:\/\/empowerai.eu\/wp-content\/uploads\/2026\/01\/course_v2_featured-35x50.jpg 35w, https:\/\/empowerai.eu\/wp-content\/uploads\/2026\/01\/course_v2_featured-71x100.jpg 71w, https:\/\/empowerai.eu\/wp-content\/uploads\/2026\/01\/course_v2_featured.jpg 1241w\" sizes=\"(max-width: 212px) 100vw, 212px\" \/>\t\t\t\t\t\t\t\t<\/a>\n\t\t\t\t\t\t\t\t\t\t\t\t\t\t\t<\/div>\n\t\t\t\t<\/div>\n\t\t\t\t<div class=\"elementor-element elementor-element-57e2b8f elementor-widget elementor-widget-spacer\" data-id=\"57e2b8f\" data-element_type=\"widget\" data-widget_type=\"spacer.default\">\n\t\t\t\t<div class=\"elementor-widget-container\">\n\t\t\t\t\t\t\t<div class=\"elementor-spacer\">\n\t\t\t<div class=\"elementor-spacer-inner\"><\/div>\n\t\t<\/div>\n\t\t\t\t\t\t<\/div>\n\t\t\t\t<\/div>\n\t\t\t\t<div class=\"elementor-element elementor-element-a662190 elementor-widget elementor-widget-heading\" data-id=\"a662190\" data-element_type=\"widget\" data-widget_type=\"heading.default\">\n\t\t\t\t<div class=\"elementor-widget-container\">\n\t\t\t\t\t<h2 class=\"elementor-heading-title elementor-size-default\">Kapitel<\/h2>\t\t\t\t<\/div>\n\t\t\t\t<\/div>\n\t\t\t\t<div class=\"elementor-element elementor-element-4ca298c elementor-widget__width-initial elementor-widget elementor-widget-ld-courses\" data-id=\"4ca298c\" data-element_type=\"widget\" data-widget_type=\"ld-courses.default\">\n\t\t\t\t<div class=\"elementor-widget-container\">\n\t\t\t\t\t<div id=\"learndash-content\" class=\"learndash-course-list learndash-course-list--elementor learndash-course-list--classic noTitle noSearch noCourseNavigation learndash-course-list--featured noPrice noMeta noExcerpt\">\n\t<form data-current_page_url=\"https:\/\/empowerai.eu\/sv\/empowerai-kursen\/\" id=\"bb-courses-directory-form\" class=\"bb-elementor-widget bb-courses-directory\" method=\"get\" action=\"\">\n\n\n\t\t\t\t\t<input type=\"hidden\" name=\"current_page\" value=\"1\">\n\t\t\t<div class=\"flex align-items-center bb-courses-header\">\n\t\t\t\t\t\t\t\t<\/div>\n\t\t\n\t\t<div class=\"ld-secondary-header\">\n\t\t\t<div class=\"bb-secondary-list-tabs flex align-items-center\" id=\"subnav\" aria-label=\"Members directory secondary navigation\" role=\"navigation\">\n\n\t\t\t\t<input type=\"hidden\" id=\"course-order\" name=\"order\" value=\"desc\"\/>\n\t\t\t\t<input type=\"hidden\" id=\"post-per-page\" name=\"posts_per_page\" value=\"2\"\/>\n\t\t\t\t<input type=\"hidden\" id=\"current-page\" name=\"current_page\" value=\"1\"\/>\n\n\t\t\t\t<div class=\"sfwd-courses-filters flex push-right\">\n\t\t\t\t\t<div class=\"select-wrap hide\">\n\t\t\t\t\t\t<select id=\"sfwd_prs-order-by\" name=\"orderby\" aria-label=\"Order by\">\n\t\t\t\t\t\t\t<option value='alphabetical'  selected='selected'>Alphabetical<\/option><option value='recent' >Newly Created<\/option>\t\t\t\t\t\t<\/select>\n\t\t\t\t\t<\/div>\n\n\t\t\t\t\t\t\t\t\t\t\t\t<div class=\"select-wrap hide\">\n\t\t\t\t\t\t\t\t\t\t\t\t\t\t\t<\/div>\n\t\t\t\t\t\t\t\n\t\t\t\t\t<div class=\"select-wrap hide\">\n\t\t\t\t\t\t<select id=\"sfwd_instructors-order-by\" name=\"filter-instructors\" aria-label=\"Filter by instructor\">\n\t\t\t\t\t\t\t<option value='all'>All Instructors<\/option><option value='2' >TASOS<\/option><option value='5' >giorgos<\/option>\t\t\t\t\t\t<\/select>\n\t\t\t\t\t<\/div>\n\t\t\t\t<\/div>\n\n\t\t\t\t<div class=\"grid-filters hide\" data-view=\"ld-course\">\n\t\t\t\t\t<a href=\"#\" class=\"layout-view layout-view-course layout-grid-view bp-tooltip active\" data-view=\"grid\" data-bp-tooltip-pos=\"up\" data-bp-tooltip=\"Grid View\" aria-label=\"Grid View\">\n\t\t\t\t\t\t<i class=\"dashicons dashicons-screenoptions\" aria-hidden=\"true\"><\/i>\n\t\t\t\t\t<\/a>\n\n\t\t\t\t\t<a href=\"#\" class=\"layout-view layout-view-course layout-list-view bp-tooltip \" data-view=\"list\" data-bp-tooltip-pos=\"up\" data-bp-tooltip=\"List View\" aria-label=\"List View\">\n\t\t\t\t\t\t<i class=\"dashicons dashicons-menu\" aria-hidden=\"true\"><\/i>\n\t\t\t\t\t<\/a>\n\t\t\t\t<\/div>\n\t\t\t<\/div>\n\t\t<\/div>\n\n\t\t<div class=\"grid-view bb-grid grid-box-\">\n\n\t\t\t<div id=\"course-dir-list\" class=\"course-dir-list bs-dir-list columns-2 course-dir-list--media course-dir-list--status\">\n\t\t\t\t\t\t\t\t\t<ul class=\"bb-card-list bb-course-items list-view bb-list hide \" aria-live=\"assertive\" aria-relevant=\"all\">\n\t\t\t\t\t\t\n<li class=\"bb-course-item-wrap\">\n\n\t<div class=\"bb-cover-list-item \">\n\t\t<div class=\"bb-course-cover\">\n\t\t\t<a title=\"Kapitel 1: Redo, F\u00e4rdig, B\u00f6rja\" href=\"https:\/\/empowerai.eu\/sv\/courses\/kapitel-1-redo-fardig-borja\/\" class=\"bb-cover-wrap\">\n\t\t\t\t<div class=\"ld-status ld-status-progress ld-primary-background\">Starta Kapitel<\/div>\n\t\t\t\t<img decoding=\"async\" width=\"300\" height=\"158\" src=\"https:\/\/empowerai.eu\/wp-content\/uploads\/2025\/04\/1200x630-02-300x158.png\" class=\"attachment-medium size-medium wp-post-image\" alt=\"\" srcset=\"https:\/\/empowerai.eu\/wp-content\/uploads\/2025\/04\/1200x630-02-300x158.png 300w, https:\/\/empowerai.eu\/wp-content\/uploads\/2025\/04\/1200x630-02-1024x538.png 1024w, https:\/\/empowerai.eu\/wp-content\/uploads\/2025\/04\/1200x630-02-768x403.png 768w, https:\/\/empowerai.eu\/wp-content\/uploads\/2025\/04\/1200x630-02-1536x807.png 1536w, https:\/\/empowerai.eu\/wp-content\/uploads\/2025\/04\/1200x630-02-2048x1076.png 2048w, https:\/\/empowerai.eu\/wp-content\/uploads\/2025\/04\/1200x630-02-624x328.png 624w\" sizes=\"(max-width: 300px) 100vw, 300px\" \/>\t\t\t<\/a>\n\t\t<\/div>\n\n\t\t<div class=\"bb-card-course-details bb-card-course-details--noAccess\">\n\t\t\t<div class=\"course-lesson-count\">3 Moduler<\/div>\t\t\t<h2 class=\"bb-course-title \">\n\t\t\t\t<a title=\"Kapitel 1: Redo, F\u00e4rdig, B\u00f6rja\" href=\"https:\/\/empowerai.eu\/sv\/courses\/kapitel-1-redo-fardig-borja\/\">Kapitel 1: Redo, F\u00e4rdig, B\u00f6rja<\/a>\n\t\t\t<\/h2>\n\n\t\t\t\n\t\t\t\n\t\t\t<div class=\"bb-course-excerpt\">\n\t\t\t\tTillbaka till kursen\t\t\t<\/div>\n\n\t\t\t\t\t<\/div>\n\t<\/div>\n<\/li>\n\n<li class=\"bb-course-item-wrap\">\n\n\t<div class=\"bb-cover-list-item \">\n\t\t<div class=\"bb-course-cover\">\n\t\t\t<a title=\"Kapitel 2: Jag \u00e4r en AI Modell\" href=\"https:\/\/empowerai.eu\/sv\/courses\/kapitel-2-jag-ar-en-ai-modell\/\" class=\"bb-cover-wrap\">\n\t\t\t\t<div class=\"ld-status ld-status-progress ld-primary-background\">Starta Kapitel<\/div>\n\t\t\t\t<img decoding=\"async\" width=\"300\" height=\"158\" src=\"https:\/\/empowerai.eu\/wp-content\/uploads\/2025\/04\/1200x630-02-300x158.png\" class=\"attachment-medium size-medium wp-post-image\" alt=\"\" srcset=\"https:\/\/empowerai.eu\/wp-content\/uploads\/2025\/04\/1200x630-02-300x158.png 300w, https:\/\/empowerai.eu\/wp-content\/uploads\/2025\/04\/1200x630-02-1024x538.png 1024w, https:\/\/empowerai.eu\/wp-content\/uploads\/2025\/04\/1200x630-02-768x403.png 768w, https:\/\/empowerai.eu\/wp-content\/uploads\/2025\/04\/1200x630-02-1536x807.png 1536w, https:\/\/empowerai.eu\/wp-content\/uploads\/2025\/04\/1200x630-02-2048x1076.png 2048w, https:\/\/empowerai.eu\/wp-content\/uploads\/2025\/04\/1200x630-02-624x328.png 624w\" sizes=\"(max-width: 300px) 100vw, 300px\" \/>\t\t\t<\/a>\n\t\t<\/div>\n\n\t\t<div class=\"bb-card-course-details bb-card-course-details--noAccess\">\n\t\t\t<div class=\"course-lesson-count\">2 Moduler<\/div>\t\t\t<h2 class=\"bb-course-title \">\n\t\t\t\t<a title=\"Kapitel 2: Jag \u00e4r en AI Modell\" href=\"https:\/\/empowerai.eu\/sv\/courses\/kapitel-2-jag-ar-en-ai-modell\/\">Kapitel 2: Jag \u00e4r en AI Modell<\/a>\n\t\t\t<\/h2>\n\n\t\t\t\n\t\t\t\n\t\t\t<div class=\"bb-course-excerpt\">\n\t\t\t\tTillbaka till kursen\t\t\t<\/div>\n\n\t\t\t\t\t<\/div>\n\t<\/div>\n<\/li>\n\t\t\t\t\t<\/ul>\n\n\t\t\t\t\t<ul class=\"bb-card-list bb-course-items grid-view bb-grid  \" aria-live=\"assertive\" aria-relevant=\"all\">\n\t\t\t\t\t\t\n<li class=\"bb-course-item-wrap\">\n\n\t<div class=\"bb-cover-list-item \">\n\t\t<div class=\"bb-course-cover\">\n\t\t\t<a title=\"Kapitel 1: Redo, F\u00e4rdig, B\u00f6rja\" href=\"https:\/\/empowerai.eu\/sv\/courses\/kapitel-1-redo-fardig-borja\/\" class=\"bb-cover-wrap\">\n\t\t\t\t<div class=\"ld-status ld-status-progress ld-primary-background\">Starta Kapitel<\/div>\n\t\t\t\t<img decoding=\"async\" width=\"300\" height=\"158\" src=\"https:\/\/empowerai.eu\/wp-content\/uploads\/2025\/04\/1200x630-02-300x158.png\" class=\"attachment-medium size-medium wp-post-image\" alt=\"\" srcset=\"https:\/\/empowerai.eu\/wp-content\/uploads\/2025\/04\/1200x630-02-300x158.png 300w, https:\/\/empowerai.eu\/wp-content\/uploads\/2025\/04\/1200x630-02-1024x538.png 1024w, https:\/\/empowerai.eu\/wp-content\/uploads\/2025\/04\/1200x630-02-768x403.png 768w, https:\/\/empowerai.eu\/wp-content\/uploads\/2025\/04\/1200x630-02-1536x807.png 1536w, https:\/\/empowerai.eu\/wp-content\/uploads\/2025\/04\/1200x630-02-2048x1076.png 2048w, https:\/\/empowerai.eu\/wp-content\/uploads\/2025\/04\/1200x630-02-624x328.png 624w\" sizes=\"(max-width: 300px) 100vw, 300px\" \/>\t\t\t<\/a>\n\t\t<\/div>\n\n\t\t<div class=\"bb-card-course-details bb-card-course-details--noAccess\">\n\t\t\t<div class=\"course-lesson-count\">3 Moduler<\/div>\t\t\t<h2 class=\"bb-course-title \">\n\t\t\t\t<a title=\"Kapitel 1: Redo, F\u00e4rdig, B\u00f6rja\" href=\"https:\/\/empowerai.eu\/sv\/courses\/kapitel-1-redo-fardig-borja\/\">Kapitel 1: Redo, F\u00e4rdig, B\u00f6rja<\/a>\n\t\t\t<\/h2>\n\n\t\t\t\n\t\t\t\n\t\t\t<div class=\"bb-course-excerpt\">\n\t\t\t\tTillbaka till kursen\t\t\t<\/div>\n\n\t\t\t\t\t<\/div>\n\t<\/div>\n<\/li>\n\n<li class=\"bb-course-item-wrap\">\n\n\t<div class=\"bb-cover-list-item \">\n\t\t<div class=\"bb-course-cover\">\n\t\t\t<a title=\"Kapitel 2: Jag \u00e4r en AI Modell\" href=\"https:\/\/empowerai.eu\/sv\/courses\/kapitel-2-jag-ar-en-ai-modell\/\" class=\"bb-cover-wrap\">\n\t\t\t\t<div class=\"ld-status ld-status-progress ld-primary-background\">Starta Kapitel<\/div>\n\t\t\t\t<img decoding=\"async\" width=\"300\" height=\"158\" src=\"https:\/\/empowerai.eu\/wp-content\/uploads\/2025\/04\/1200x630-02-300x158.png\" class=\"attachment-medium size-medium wp-post-image\" alt=\"\" srcset=\"https:\/\/empowerai.eu\/wp-content\/uploads\/2025\/04\/1200x630-02-300x158.png 300w, https:\/\/empowerai.eu\/wp-content\/uploads\/2025\/04\/1200x630-02-1024x538.png 1024w, https:\/\/empowerai.eu\/wp-content\/uploads\/2025\/04\/1200x630-02-768x403.png 768w, https:\/\/empowerai.eu\/wp-content\/uploads\/2025\/04\/1200x630-02-1536x807.png 1536w, https:\/\/empowerai.eu\/wp-content\/uploads\/2025\/04\/1200x630-02-2048x1076.png 2048w, https:\/\/empowerai.eu\/wp-content\/uploads\/2025\/04\/1200x630-02-624x328.png 624w\" sizes=\"(max-width: 300px) 100vw, 300px\" \/>\t\t\t<\/a>\n\t\t<\/div>\n\n\t\t<div class=\"bb-card-course-details bb-card-course-details--noAccess\">\n\t\t\t<div class=\"course-lesson-count\">2 Moduler<\/div>\t\t\t<h2 class=\"bb-course-title \">\n\t\t\t\t<a title=\"Kapitel 2: Jag \u00e4r en AI Modell\" href=\"https:\/\/empowerai.eu\/sv\/courses\/kapitel-2-jag-ar-en-ai-modell\/\">Kapitel 2: Jag \u00e4r en AI Modell<\/a>\n\t\t\t<\/h2>\n\n\t\t\t\n\t\t\t\n\t\t\t<div class=\"bb-course-excerpt\">\n\t\t\t\tTillbaka till kursen\t\t\t<\/div>\n\n\t\t\t\t\t<\/div>\n\t<\/div>\n<\/li>\n\t\t\t\t\t<\/ul>\n\t\t\t\t\t\t\t\t\t\t\t\t\t<\/div>\n\t\t<\/div>\n\t<\/form>\n<\/div>\n\t\t\t\t<\/div>\n\t\t\t\t<\/div>\n\t\t\t\t\t<\/div>\n\t\t\t\t<\/div>\n\t\t\t\t<\/div>\n\t\t","protected":false},"excerpt":{"rendered":"<p>Hur EmpowerAI-kursen fungerar V\u00e4lkommen till denna flexibla modul om artificiell intelligens som du kan genomf\u00f6ra i din egen takt! Vi har tagit fram en rekommenderad&hellip;<\/p>\n","protected":false},"author":5,"featured_media":0,"parent":0,"menu_order":0,"comment_status":"closed","ping_status":"closed","template":"","meta":{"_acf_changed":false,"footnotes":""},"class_list":["post-13359","page","type-page","status-publish","hentry"],"acf":[],"_links":{"self":[{"href":"https:\/\/empowerai.eu\/sv\/wp-json\/wp\/v2\/pages\/13359","targetHints":{"allow":["GET"]}}],"collection":[{"href":"https:\/\/empowerai.eu\/sv\/wp-json\/wp\/v2\/pages"}],"about":[{"href":"https:\/\/empowerai.eu\/sv\/wp-json\/wp\/v2\/types\/page"}],"author":[{"embeddable":true,"href":"https:\/\/empowerai.eu\/sv\/wp-json\/wp\/v2\/users\/5"}],"replies":[{"embeddable":true,"href":"https:\/\/empowerai.eu\/sv\/wp-json\/wp\/v2\/comments?post=13359"}],"version-history":[{"count":14,"href":"https:\/\/empowerai.eu\/sv\/wp-json\/wp\/v2\/pages\/13359\/revisions"}],"predecessor-version":[{"id":16593,"href":"https:\/\/empowerai.eu\/sv\/wp-json\/wp\/v2\/pages\/13359\/revisions\/16593"}],"wp:attachment":[{"href":"https:\/\/empowerai.eu\/sv\/wp-json\/wp\/v2\/media?parent=13359"}],"curies":[{"name":"wp","href":"https:\/\/api.w.org\/{rel}","templated":true}]}}